{"id":3,"date":"2024-07-02T13:55:45","date_gmt":"2024-07-02T13:55:45","guid":{"rendered":"https:\/\/jasitravel.com\/?page_id=3"},"modified":"2024-08-13T11:58:16","modified_gmt":"2024-08-13T11:58:16","slug":"privacy-policy","status":"publish","type":"page","link":"https:\/\/jasitravel.com\/de\/privacy-policy\/","title":{"rendered":"Datenschutzbestimmungen"},"content":{"rendered":"<p><br><strong>Zuletzt aktualisiert am 06-Jul-2024<\/strong><br><strong>Datum des Inkrafttretens 06-Jul-2024<\/strong><\/p>\n\n\n\n<p>Diese Datenschutzrichtlinie beschreibt die Richtlinien von JaSi Travel, Niederlande (die), E-Mail: info@jasitravel.com, \u00fcber die Sammlung, Verwendung und Offenlegung Ihrer Informationen, die wir sammeln, wenn Sie unsere Website ( https:\/\/jasitravel.com ) nutzen. (der \"Dienst\"). Indem Sie auf den Dienst zugreifen oder ihn nutzen, erkl\u00e4ren Sie sich mit der Erfassung, Verwendung und Weitergabe Ihrer Daten in \u00dcbereinstimmung mit dieser Datenschutzerkl\u00e4rung einverstanden. Wenn Sie damit nicht einverstanden sind, bitten wir Sie, den Dienst nicht zu nutzen.<\/p>\n\n\n\n<p>Wir k\u00f6nnen diese Datenschutzrichtlinie jederzeit ohne vorherige Benachrichtigung an Sie \u00e4ndern und werden die \u00fcberarbeitete Datenschutzrichtlinie im Dienst ver\u00f6ffentlichen. Die ge\u00e4nderte Richtlinie tritt 180 Tage nach der Ver\u00f6ffentlichung der ge\u00e4nderten Richtlinie im Dienst in Kraft, und wenn Sie nach diesem Zeitpunkt weiterhin auf den Dienst zugreifen oder ihn nutzen, erkl\u00e4ren Sie sich mit der ge\u00e4nderten Datenschutzrichtlinie einverstanden. Wir empfehlen Ihnen daher, diese Seite regelm\u00e4\u00dfig zu \u00fcberpr\u00fcfen.<\/p>\n\n\n\n<ol class=\"wp-block-list\">\n<li><strong>WIE WIR IHRE INFORMATIONEN VERWENDEN: <\/strong>Wir werden die Informationen, die wir \u00fcber Sie sammeln, f\u00fcr die folgenden Zwecke verwenden:<ol><li>Marketing\/WerbungTestimonialsErfassung von KundenfeedbackSupportVerwaltung von Kundenauftr\u00e4genSeitenschutz<\/li><\/ol>Wenn wir Ihre Daten f\u00fcr einen anderen Zweck verwenden wollen, werden wir Sie um Ihre Zustimmung bitten und Ihre Daten nur nach Erhalt Ihrer Zustimmung und dann nur f\u00fcr den\/die Zweck(e) verwenden, f\u00fcr den\/die Sie Ihre Zustimmung erteilt haben, es sei denn, wir sind gesetzlich zu etwas anderem verpflichtet.<\/li>\n\n\n\n<li><strong>WIE WIR IHRE INFORMATIONEN WEITERGEBEN: <\/strong>Wir werden Ihre pers\u00f6nlichen Daten nicht an Dritte weitergeben, ohne Ihre Zustimmung einzuholen, au\u00dfer unter den unten beschriebenen, begrenzten Umst\u00e4nden:<ol><li>WerbedienstleistungenMarketingagenturenAnalytikDatenerhebung und -verarbeitung<\/li><\/ol>Wir verlangen von diesen Dritten, dass sie die personenbezogenen Daten, die wir an sie weitergeben, nur f\u00fcr den Zweck verwenden, f\u00fcr den sie weitergegeben wurden, und sie nicht l\u00e4nger aufbewahren, als es f\u00fcr die Erf\u00fcllung des besagten Zwecks erforderlich ist.Wir k\u00f6nnen Ihre personenbezogenen Daten auch aus folgenden Gr\u00fcnden offenlegen: (1) zur Einhaltung geltender Gesetze, Vorschriften, gerichtlicher Anordnungen oder anderer rechtlicher Verfahren; (2) zur Durchsetzung Ihrer Vereinbarungen mit uns, einschlie\u00dflich dieser Datenschutzrichtlinie; oder (3) um auf Behauptungen zu reagieren, dass Ihre Nutzung des Dienstes die Rechte Dritter verletzt. Wenn der Dienst oder unser Unternehmen mit einem anderen Unternehmen fusioniert oder \u00fcbernommen wird, geh\u00f6ren Ihre Daten zu den Verm\u00f6genswerten, die auf den neuen Eigent\u00fcmer \u00fcbertragen werden.<\/li>\n\n\n\n<li><strong>IHRE RECHTE:<\/strong> Je nach geltendem Recht haben Sie das Recht, auf Ihre personenbezogenen Daten zuzugreifen und sie zu berichtigen oder zu l\u00f6schen oder eine Kopie Ihrer personenbezogenen Daten zu erhalten, die aktive Verarbeitung Ihrer Daten einzuschr\u00e4nken oder ihr zu widersprechen, uns aufzufordern, Ihre personenbezogenen Daten an eine andere Stelle weiterzugeben (zu portieren), die uns erteilte Zustimmung zur Verarbeitung Ihrer Daten zu widerrufen, das Recht, eine Beschwerde bei einer gesetzlichen Beh\u00f6rde einzureichen, sowie weitere Rechte, die nach geltendem Recht relevant sein k\u00f6nnen. Um diese Rechte auszu\u00fcben, k\u00f6nnen Sie sich schriftlich an uns wenden: info@jasitravel.com. Bitte beachten Sie, dass Sie m\u00f6glicherweise nicht in der Lage sind, auf die Dienste zuzugreifen oder diese zu nutzen, f\u00fcr die Ihre Daten angefordert wurden, wenn Sie uns nicht gestatten, die erforderlichen personenbezogenen Daten zu erheben oder zu verarbeiten, oder wenn Sie Ihre Zustimmung zur Verarbeitung dieser Daten f\u00fcr die erforderlichen Zwecke widerrufen.<\/li>\n<\/ol>\n\n\n\n<h2 class=\"wp-block-heading\">Cookies<\/h2>\n\n\n\n<p>Datum des Inkrafttretens: 06-Jul-2024<br>Zuletzt aktualisiert: 06-Jul-2024<br><br>\u00a0Was sind Cookies? In dieser Cookie-Richtlinie wird erkl\u00e4rt, was Cookies sind und wie wir sie verwenden, welche Arten von Cookies wir verwenden, d. h. welche Informationen wir mit Hilfe von Cookies sammeln und wie diese Informationen verwendet werden, und wie Sie Ihre Cookie-Einstellungen verwalten k\u00f6nnen.<br>Cookies sind kleine Textdateien, die dazu dienen, kleine Informationen zu speichern. Sie werden auf Ihrem Ger\u00e4t gespeichert, wenn die Website in Ihrem Browser geladen wird. Diese Cookies helfen uns, die Website ordnungsgem\u00e4\u00df funktionieren zu lassen, sie sicherer zu machen, eine bessere Benutzererfahrung zu bieten und zu verstehen, wie die Website funktioniert und zu analysieren, was funktioniert und wo sie verbessert werden muss.<br><br>\u00a0Wie verwenden wir Cookies? Wie die meisten Online-Dienste verwendet auch unsere Website Erstanbieter- und Drittanbieter-Cookies f\u00fcr verschiedene Zwecke. Cookies von Erstanbietern sind in den meisten F\u00e4llen notwendig, damit die Website richtig funktioniert, und sie erfassen keine personenbezogenen Daten von Ihnen.<br>Die auf unserer Website verwendeten Cookies von Drittanbietern dienen haupts\u00e4chlich dazu, zu verstehen, wie die Website funktioniert, wie Sie mit unserer Website interagieren, unsere Dienste sicher zu halten, f\u00fcr Sie relevante Werbung bereitzustellen und Ihnen insgesamt eine bessere und verbesserte Benutzererfahrung zu bieten und Ihre zuk\u00fcnftigen Interaktionen mit unserer Website zu beschleunigen.<br><br>\u00a0Arten von Cookies, die wir verwenden Cookie-Einstellungen verwalten Sie k\u00f6nnen Ihre Cookie-Einstellungen jederzeit \u00e4ndern, indem Sie auf die obige Schaltfl\u00e4che klicken. Dadurch k\u00f6nnen Sie das Cookie-Einwilligungsbanner erneut aufrufen und Ihre Einstellungen \u00e4ndern oder Ihre Einwilligung sofort widerrufen.<br>Dar\u00fcber hinaus bieten die verschiedenen Browser unterschiedliche Methoden zum Blockieren und L\u00f6schen von Cookies, die von Websites verwendet werden. Sie k\u00f6nnen die Einstellungen Ihres Browsers \u00e4ndern, um die Cookies zu blockieren\/l\u00f6schen. Nachfolgend finden Sie Links zu den Support-Dokumenten der wichtigsten Webbrowser, in denen beschrieben wird, wie Sie Cookies verwalten und l\u00f6schen k\u00f6nnen.<br><br>Chrome: <a href=\"https:\/\/support.google.com\/accounts\/answer\/32050\">https:\/\/support.google.com\/accounts\/answer\/32050<\/a><br>Safari: <a href=\"https:\/\/support.apple.com\/en-in\/guide\/safari\/sfri11471\/mac\">https:\/\/support.apple.com\/en-in\/guide\/safari\/sfri11471\/mac<\/a><br>Firefox: <a href=\"https:\/\/support.mozilla.org\/en-US\/kb\/clear-cookies-and-site-data-firefox?redirectslug=delete-cookies-remove-info-websites-stored&amp;redirectlocale=en-US\">https:\/\/support.mozilla.org\/en-US\/kb\/clear-cookies-and-site-data-firefox?redirectslug=delete-cookies-remove-info-websites-stored&amp;redirectlocale=en-US<\/a><br>Internet Explorer: <a href=\"https:\/\/support.microsoft.com\/en-us\/topic\/how-to-delete-cookie-files-in-internet-explorer-bca9446f-d873-78de-77ba-d42645fa52fc\">https:\/\/support.microsoft.com\/en-us\/topic\/how-to-delete-cookie-files-in-internet-explorer-bca9446f-d873-78de-77ba-d42645fa52fc<\/a><br>Wenn Sie einen anderen Webbrowser verwenden, lesen Sie bitte die offiziellen Support-Dokumente Ihres Browsers.<\/p>\n\n\n\n<ol class=\"wp-block-list\">\n<li><strong>SICHERHEIT:<\/strong> Die Sicherheit Ihrer Daten ist uns wichtig, und wir werden angemessene Sicherheitsma\u00dfnahmen ergreifen, um den Verlust, den Missbrauch oder die unbefugte \u00c4nderung Ihrer Daten unter unserer Kontrolle zu verhindern. In Anbetracht der inh\u00e4renten Risiken k\u00f6nnen wir jedoch keine absolute Sicherheit garantieren. Folglich k\u00f6nnen wir die Sicherheit von Informationen, die Sie uns \u00fcbermitteln, weder gew\u00e4hrleisten noch garantieren, und Sie tun dies auf eigenes Risiko.<\/li>\n\n\n\n<li><strong>LINKS ZU DRITTANBIETERN UND VERWENDUNG IHRER DATEN:<\/strong> Unser Service kann Links zu anderen Websites enthalten, die nicht von uns betrieben werden. Diese Datenschutzrichtlinie bezieht sich nicht auf die Datenschutzrichtlinien und andere Praktiken Dritter, einschlie\u00dflich Dritter, die eine Website oder einen Dienst betreiben, der \u00fcber einen Link im Dienst zug\u00e4nglich ist. Wir empfehlen Ihnen dringend, die Datenschutzrichtlinien jeder Website, die Sie besuchen, zu \u00fcberpr\u00fcfen. Wir haben keine Kontrolle \u00fcber und \u00fcbernehmen keine Verantwortung f\u00fcr den Inhalt, die Datenschutzrichtlinien oder Praktiken von Websites oder Diensten Dritter.<\/li>\n\n\n\n<li><strong>BESCHWERDE-\/DATENSCHUTZBEAUFTRAGTER:<\/strong> Wenn Sie Fragen oder Bedenken bez\u00fcglich der Verarbeitung Ihrer bei uns vorhandenen Daten haben, k\u00f6nnen Sie sich per E-Mail an unseren Beschwerdebeauftragten bei JaSi Travel Tour, Van Speijkstraat, E-Mail: info@jasitravel.com wenden. Wir werden Ihre Bedenken in \u00dcbereinstimmung mit dem geltenden Recht behandeln.<\/li>\n<\/ol>\n<div class=\"sws_supernormalaction\"><button on=\"tap:superwebshare-lightbox\" class=\"superwebshare_normal_button1 superwebshare-button-large superwebshare-button-default superwebshare_prompt superwebshare_button_svg\" style=\"color:#ffffff;background-color: #0bb4aa;\" ><svg xmlns=\"http:\/\/www.w3.org\/2000\/svg\" class=\"superwebshare-svg\"  fill=\"currentColor\" viewbox=\"0 0 1000 1000\" stroke=\"currentColor\" stroke-width=\"2\"><path stroke-linecap=\"round\" stroke-linejoin=\"round\" d=\"M863.85,899.9c0-78.74,0-157.47,0-236.21c0-86.74,0-173.49,0-260.23c0-32.79,3.08-68.99-34.11-85.1                c-16.75-7.26-36.77-5.03-54.67-5.03c-24.45,0-48.9,0-73.35,0c-13.09,0-26.18,0-39.26,0c-18.61,0-36.44,16.37-35.58,35.58                c0.86,19.28,15.63,35.58,35.58,35.58c36.52,0,73.04,0,109.57,0c6.89,0,13.78,0,20.66,0c0,70.64,0,141.28,0,211.92                c0,87.97,0,175.94,0,263.91c0,12.61,0,25.22,0,37.84c0,0.61-0.04,1.35-0.1,2.13c-5.37,0-10.75,0-16.12,0                c-78.99,0-157.98,0-236.98,0c-89.55,0-179.1,0-268.64,0c-20.87,0-41.73,0-62.6,0c-0.01-0.18-0.01-0.32-0.01-0.41                c0-75.2,0-150.4,0-225.59c0-86.39,0-172.78,0-259.17c0-10.21,0-20.43,0-30.64c5.83,0,11.67,0,17.5,0c23.42,0,46.85,0,70.27,0                c12.72,0,25.44,0,38.16,0c18.61,0,36.44-16.37,35.58-35.58c-0.86-19.28-15.63-35.58-35.58-35.58c-38.41,0-76.82,0-115.24,0                c-22.75,0-46.16-1.79-64.15,15.61c-13.61,13.16-17.7,30.34-17.7,48.37c0,73.04,0,146.07,0,219.11c0,90.62,0,181.24,0,271.86                c0,18.93-3.16,41.88,1.83,60.52c7.31,27.28,31.59,42.36,58.74,42.66c8.03,0.09,16.06,0,24.09,0c81.86,0,163.72,0,245.59,0                c91.29,0,182.58,0,273.87,0c21.18,0,42.41,0.41,63.58,0c32.43-0.63,57.88-23.83,59.08-56.77                C864.02,909.78,863.85,904.82,863.85,899.9z M195.24,384.69c0.03,0,0.06,0.01,0.09,0.01C195.3,384.69,195.27,384.69,195.24,384.69z                 M208.22,372.74C208.07,369.12,209.05,370.81,208.22,372.74L208.22,372.74z M193.8,900.31c0-0.06,0.25-0.05,0.61,0                C194.19,900.31,193.8,900.3,193.8,900.31z M792.69,370.29c-0.17,0.13,0.01,1.68,0,1.88c-0.03,0.42-0.04,0.84-0.05,1.26                C792.01,372.05,791.88,370.89,792.69,370.29z M805.73,900.12c0.36,0.01,0.71,0.07,1.01,0.19                C806.46,900.19,806.11,900.14,805.73,900.12z\" \/><path stroke-linecap=\"round\" stroke-linejoin=\"round\" d=\"M372.33,243.92c30.85-31.2,61.7-62.4,92.54-93.6c0,36.7,0,73.39,0,110.09c0,93.09,0,186.17,0,279.26                c0,21.53,0,43.07,0,64.6c0,18.61,16.37,36.44,35.58,35.58c19.28-0.86,35.58-15.63,35.58-35.58c0-58.65,0-117.3,0-175.95                c0-92.69,0-185.38,0-278.07c24.52,24.77,49.03,49.53,73.55,74.3c6.39,6.46,12.79,12.92,19.18,19.37                c13.52,13.66,36.78,13.54,50.32,0c13.69-13.69,13.56-36.62,0-50.32c-44.76-45.22-89.52-90.44-134.29-135.66                c-6.39-6.46-12.79-12.92-19.18-19.37c-13.46-13.6-36.83-13.64-50.32,0C430.59,83.78,385.88,129,341.17,174.22                c-6.39,6.46-12.77,12.92-19.16,19.37c-13.51,13.66-13.64,36.68,0,50.32C335.58,257.49,358.78,257.62,372.33,243.92z\" \/><\/svg><span>Teilen Sie<\/span><\/button><\/div>","protected":false},"excerpt":{"rendered":"<p>Last Updated On 06-Jul-2024Effective Date 06-Jul-2024 This Privacy Policy describes the policies of JaSi Travel Tour, Netherlands (the), email: info@jasitravel.com, on the collection, use and disclosure of your information that we collect when you use our website ( https:\/\/jasitravel.com ). (the \u201cService\u201d). By accessing or using the Service, you are consenting to the collection, use [&hellip;]<\/p>\n","protected":false},"author":1,"featured_media":0,"parent":0,"menu_order":0,"comment_status":"closed","ping_status":"open","template":"","meta":{"om_disable_all_campaigns":false,"footnotes":""},"class_list":["post-3","page","type-page","status-publish","hentry"],"aioseo_notices":[],"amp_enabled":true,"_links":{"self":[{"href":"https:\/\/jasitravel.com\/de\/wp-json\/wp\/v2\/pages\/3","targetHints":{"allow":["GET"]}}],"collection":[{"href":"https:\/\/jasitravel.com\/de\/wp-json\/wp\/v2\/pages"}],"about":[{"href":"https:\/\/jasitravel.com\/de\/wp-json\/wp\/v2\/types\/page"}],"author":[{"embeddable":true,"href":"https:\/\/jasitravel.com\/de\/wp-json\/wp\/v2\/users\/1"}],"replies":[{"embeddable":true,"href":"https:\/\/jasitravel.com\/de\/wp-json\/wp\/v2\/comments?post=3"}],"version-history":[{"count":0,"href":"https:\/\/jasitravel.com\/de\/wp-json\/wp\/v2\/pages\/3\/revisions"}],"wp:attachment":[{"href":"https:\/\/jasitravel.com\/de\/wp-json\/wp\/v2\/media?parent=3"}],"curies":[{"name":"wp","href":"https:\/\/api.w.org\/{rel}","templated":true}]}}