{"id":1062,"date":"2024-08-29T11:43:13","date_gmt":"2024-08-29T11:43:13","guid":{"rendered":"https:\/\/jasitravel.com\/?post_type=product&#038;p=1062"},"modified":"2024-08-29T11:43:14","modified_gmt":"2024-08-29T11:43:14","slug":"wanderlust-t-shirt","status":"publish","type":"product","link":"https:\/\/jasitravel.com\/de\/product\/wanderlust-t-shirt\/","title":{"rendered":"WANDERLUST T-SHIRT"},"content":{"rendered":"<p>Gib dich niemals mit weniger als cool zufrieden - deshalb haben wir dieses trendige Wanderlust-T-Shirt herausgebracht. Ein modernes und zeitloses Design, das sich ideal f\u00fcr epische Outdoor-Abenteuer eignet. Es ist wichtig, dass du dich mit der Kleidung, die du tr\u00e4gst, wohlf\u00fchlst, wie sie hergestellt wird und wo sie landet. Deshalb stellen wir alle unsere Produkte aus nat\u00fcrlichen Materialien mit erneuerbarer Energie her und bedrucken sie von Anfang an, damit sie nach ihrem Verschlei\u00df zu etwas Neuem verarbeitet werden k\u00f6nnen. Kaufen Sie jetzt mit mehreren Zahlungsoptionen.<\/p>","protected":false},"excerpt":{"rendered":"<p>T-Shirt aus zertifizierter Bio-Baumwolle, 155 g\/m2. K\u00fchl waschen, trocken aufh\u00e4ngen. Frei von Gentechnik. Nicht an Tieren getestet. Enth\u00e4lt keine Produkte tierischen Ursprungs. Gedruckt mit abfallarmer Drucktechnik. Hergestellt in einer mit erneuerbaren Energien betriebenen Fabrik, die auf eine Vielzahl von sozialen und nachhaltigen Kriterien gepr\u00fcft wurde. Erh\u00e4ltlich in den Farben Wei\u00df, Athletic Grey und Hafer.<\/p>","protected":false},"featured_media":1053,"comment_status":"open","ping_status":"closed","template":"","meta":{"om_disable_all_campaigns":false},"product_brand":[],"product_cat":[319],"product_tag":[321,320],"class_list":{"0":"post-1062","1":"product","2":"type-product","3":"status-publish","4":"has-post-thumbnail","6":"product_cat-t-shirt","7":"product_tag-organic-cotton","8":"product_tag-t-shirt","10":"first","11":"instock","12":"shipping-taxable","13":"product-type-external"},"aioseo_notices":[],"_links":{"self":[{"href":"https:\/\/jasitravel.com\/de\/wp-json\/wp\/v2\/product\/1062","targetHints":{"allow":["GET"]}}],"collection":[{"href":"https:\/\/jasitravel.com\/de\/wp-json\/wp\/v2\/product"}],"about":[{"href":"https:\/\/jasitravel.com\/de\/wp-json\/wp\/v2\/types\/product"}],"replies":[{"embeddable":true,"href":"https:\/\/jasitravel.com\/de\/wp-json\/wp\/v2\/comments?post=1062"}],"wp:featuredmedia":[{"embeddable":true,"href":"https:\/\/jasitravel.com\/de\/wp-json\/wp\/v2\/media\/1053"}],"wp:attachment":[{"href":"https:\/\/jasitravel.com\/de\/wp-json\/wp\/v2\/media?parent=1062"}],"wp:term":[{"taxonomy":"product_brand","embeddable":true,"href":"https:\/\/jasitravel.com\/de\/wp-json\/wp\/v2\/product_brand?post=1062"},{"taxonomy":"product_cat","embeddable":true,"href":"https:\/\/jasitravel.com\/de\/wp-json\/wp\/v2\/product_cat?post=1062"},{"taxonomy":"product_tag","embeddable":true,"href":"https:\/\/jasitravel.com\/de\/wp-json\/wp\/v2\/product_tag?post=1062"}],"curies":[{"name":"wp","href":"https:\/\/api.w.org\/{rel}","templated":true}]}}