{"id":1071,"date":"2024-08-29T12:33:15","date_gmt":"2024-08-29T12:33:15","guid":{"rendered":"https:\/\/jasitravel.com\/?post_type=product&#038;p=1071"},"modified":"2024-08-29T12:33:15","modified_gmt":"2024-08-29T12:33:15","slug":"wanderlust-mug","status":"publish","type":"product","link":"https:\/\/jasitravel.com\/de\/product\/wanderlust-mug\/","title":{"rendered":"WANDERLUST BECHER"},"content":{"rendered":"<p>Diese Tasse aus nat\u00fcrlicher Keramik ist das ideale Geschenk - f\u00fcr jemand anderen oder einfach f\u00fcr dich selbst. Und das Beste ist, dass wir f\u00fcr unsere Produkte nur nat\u00fcrliche Materialien verwenden und in unserer gesamten Lieferkette erneuerbare Energie eingesetzt wird. Erh\u00e4ltlich ab heute mit problemloser R\u00fcckgabe und Umtausch.<\/p>","protected":false},"excerpt":{"rendered":"<div class=\"row mb-16\">\n<div class=\"col-12\">\n<div class=\"tml-product-spec\">\n<p>Becher mit 325 ml Fassungsverm\u00f6gen aus 100 % nat\u00fcrlicher Keramik, die in Gro\u00dfbritannien mit Farben auf Wasserbasis und erneuerbaren Energien bedruckt wird. Sp\u00fclmaschinen- und mikrowellengeeignet mit einer haltbaren, hochgl\u00e4nzenden Oberfl\u00e4che. Recycelte und recycelbare, plastikfreie Verpackung. Erh\u00e4ltlich in Wei\u00df.<\/p>\n<\/div>\n<\/div>\n<\/div>\n<div class=\"row mb-16\">\n<div class=\"col-12\">\n<div class=\"w-full\">\n<div class=\"h-full\"><\/div>\n<\/div>\n<\/div>\n<\/div>","protected":false},"featured_media":1072,"comment_status":"open","ping_status":"closed","template":"","meta":{"om_disable_all_campaigns":false},"product_brand":[],"product_cat":[326],"product_tag":[329,327,328,330],"class_list":{"0":"post-1071","1":"product","2":"type-product","3":"status-publish","4":"has-post-thumbnail","6":"product_cat-mug","7":"product_tag-ceramic","8":"product_tag-mug","9":"product_tag-natural-ceramic","10":"product_tag-wanderlust","12":"first","13":"instock","14":"shipping-taxable","15":"product-type-external"},"aioseo_notices":[],"_links":{"self":[{"href":"https:\/\/jasitravel.com\/de\/wp-json\/wp\/v2\/product\/1071","targetHints":{"allow":["GET"]}}],"collection":[{"href":"https:\/\/jasitravel.com\/de\/wp-json\/wp\/v2\/product"}],"about":[{"href":"https:\/\/jasitravel.com\/de\/wp-json\/wp\/v2\/types\/product"}],"replies":[{"embeddable":true,"href":"https:\/\/jasitravel.com\/de\/wp-json\/wp\/v2\/comments?post=1071"}],"wp:featuredmedia":[{"embeddable":true,"href":"https:\/\/jasitravel.com\/de\/wp-json\/wp\/v2\/media\/1072"}],"wp:attachment":[{"href":"https:\/\/jasitravel.com\/de\/wp-json\/wp\/v2\/media?parent=1071"}],"wp:term":[{"taxonomy":"product_brand","embeddable":true,"href":"https:\/\/jasitravel.com\/de\/wp-json\/wp\/v2\/product_brand?post=1071"},{"taxonomy":"product_cat","embeddable":true,"href":"https:\/\/jasitravel.com\/de\/wp-json\/wp\/v2\/product_cat?post=1071"},{"taxonomy":"product_tag","embeddable":true,"href":"https:\/\/jasitravel.com\/de\/wp-json\/wp\/v2\/product_tag?post=1071"}],"curies":[{"name":"wp","href":"https:\/\/api.w.org\/{rel}","templated":true}]}}