{"id":1077,"date":"2024-08-29T13:00:20","date_gmt":"2024-08-29T13:00:20","guid":{"rendered":"https:\/\/jasitravel.com\/?post_type=product&#038;p=1077"},"modified":"2024-08-29T13:19:15","modified_gmt":"2024-08-29T13:19:15","slug":"discover-blazevideo-trail-cameras-the-ultimate-choice-for-outdoor-enthusiasts","status":"publish","type":"product","link":"https:\/\/jasitravel.com\/de\/product\/discover-blazevideo-trail-cameras-the-ultimate-choice-for-outdoor-enthusiasts\/","title":{"rendered":"Entdecken Sie BlazeVideo Trail-Kameras: Die ultimative Wahl f\u00fcr Outdoor-Enthusiasten"},"content":{"rendered":"<p>Halten Sie mit den BlazeVideo Trail-Kameras, die f\u00fcr ihre au\u00dfergew\u00f6hnliche Qualit\u00e4t und Zuverl\u00e4ssigkeit bekannt sind, jeden Moment in der freien Natur fest. Die BlazeVideo-Kameras wurden sowohl f\u00fcr Profis als auch f\u00fcr Hobbyfotografen entwickelt und bieten kristallklare Bilder, selbst unter den schwierigsten Au\u00dfenbedingungen. Mit Funktionen wie High-Definition-Videoaufzeichnung, Nachtsicht und Bewegungserkennung sind diese Trail-Kameras perfekt f\u00fcr die \u00dcberwachung von Wildtieren, die Jagd oder die Sicherung Ihres Grundst\u00fccks. Vertrauen Sie auf die unvergleichliche Leistung von BlazeVideo, damit Sie keinen Moment in der Natur verpassen.<\/p>\n<p>Erkunden Sie das Angebot noch heute und steigern Sie Ihr Outdoor-Erlebnis!<\/p>","protected":false},"excerpt":{"rendered":"<p>Preis beginnt bei 98,63 \u20ac.<\/p>","protected":false},"featured_media":1078,"comment_status":"open","ping_status":"closed","template":"","meta":{"om_disable_all_campaigns":false},"product_brand":[],"product_cat":[331],"product_tag":[348,349,350],"class_list":{"0":"post-1077","1":"product","2":"type-product","3":"status-publish","4":"has-post-thumbnail","6":"product_cat-camera","7":"product_tag-camera","8":"product_tag-cameras","9":"product_tag-trail-camera","11":"first","12":"instock","13":"shipping-taxable","14":"product-type-external"},"aioseo_notices":[],"_links":{"self":[{"href":"https:\/\/jasitravel.com\/de\/wp-json\/wp\/v2\/product\/1077","targetHints":{"allow":["GET"]}}],"collection":[{"href":"https:\/\/jasitravel.com\/de\/wp-json\/wp\/v2\/product"}],"about":[{"href":"https:\/\/jasitravel.com\/de\/wp-json\/wp\/v2\/types\/product"}],"replies":[{"embeddable":true,"href":"https:\/\/jasitravel.com\/de\/wp-json\/wp\/v2\/comments?post=1077"}],"wp:featuredmedia":[{"embeddable":true,"href":"https:\/\/jasitravel.com\/de\/wp-json\/wp\/v2\/media\/1078"}],"wp:attachment":[{"href":"https:\/\/jasitravel.com\/de\/wp-json\/wp\/v2\/media?parent=1077"}],"wp:term":[{"taxonomy":"product_brand","embeddable":true,"href":"https:\/\/jasitravel.com\/de\/wp-json\/wp\/v2\/product_brand?post=1077"},{"taxonomy":"product_cat","embeddable":true,"href":"https:\/\/jasitravel.com\/de\/wp-json\/wp\/v2\/product_cat?post=1077"},{"taxonomy":"product_tag","embeddable":true,"href":"https:\/\/jasitravel.com\/de\/wp-json\/wp\/v2\/product_tag?post=1077"}],"curies":[{"name":"wp","href":"https:\/\/api.w.org\/{rel}","templated":true}]}}