{"id":1160,"date":"2024-09-12T20:15:18","date_gmt":"2024-09-12T20:15:18","guid":{"rendered":"https:\/\/jasitravel.com\/?post_type=product&#038;p=1160"},"modified":"2024-09-12T20:31:40","modified_gmt":"2024-09-12T20:31:40","slug":"phone-bag-mustard-field","status":"publish","type":"product","link":"https:\/\/jasitravel.com\/de\/product\/phone-bag-mustard-field\/","title":{"rendered":"Handytasche - Mustard Field"},"content":{"rendered":"<p><strong>Produkt\u00fcbersicht<\/strong> Entdecken Sie eine elegante und vielseitige Crossbody-Telefontasche, die sowohl Stil als auch Funktionalit\u00e4t bietet. Mit zwei F\u00e4chern und einem verstellbaren Riemen f\u00fcr eine individuelle Passform ist sie perfekt, um Ihre wichtigsten Utensilien unterwegs zu transportieren.<\/p>\n<p><strong>Wesentliche Merkmale<\/strong><\/p>\n<ul>\n<li>Ger\u00e4umiges Hauptfach mit sicherem Magnetverschluss f\u00fcr Ihr Handy<\/li>\n<li>Praktische kleinere Vordertasche, ideal f\u00fcr den schnellen Zugriff auf Karten, Schl\u00fcssel oder andere kleine Gegenst\u00e4nde<\/li>\n<li>Konzipiert f\u00fcr Handys mit einer Gr\u00f6\u00dfe von bis zu 16 x 8 x 1 cm<\/li>\n<\/ul>\n<p><strong>Produktspezifikationen<\/strong><\/p>\n<ul>\n<li><strong>Abmessungen:<\/strong> H: 19 cm, L: 10,5 cm (ca.)<\/li>\n<li><strong>Gewicht:<\/strong> 90 g (ca.)<\/li>\n<\/ul>\n<p><strong>Pflegehinweise<\/strong><\/p>\n<ul>\n<li>Met de hand of ter plekke wassen onder koud stromend water. Vermijd machinaal wassen.<\/li>\n<li>Verwenden Sie ein sanftes oder nat\u00fcrliches Waschmittel.<\/li>\n<li>Waschen Sie weniger h\u00e4ufig, um die Lebensdauer des Beutels zu verl\u00e4ngern und die Umweltbelastung zu verringern.<\/li>\n<\/ul>\n<p><strong>Nachhaltige Materialien<\/strong><\/p>\n<ul>\n<li>Hergestellt aus einem runden Stoff, der aus 20 recycelten Plastikt\u00fcten und PET hergestellt wurde.<\/li>\n<li>Futter und Riemen aus Bio-Baumwolle<\/li>\n<li>Recycelte Kunststoffrei\u00dfverschl\u00fcsse<\/li>\n<\/ul>\n<p><strong>Schwerpunkt Nachhaltigkeit<\/strong><\/p>\n<ul>\n<li><strong>Plastik Negativ:<\/strong> Durch die Wiederverwendung lokaler Plastikabf\u00e4lle zu hochwertigen Accessoires tr\u00e4gt dieses Produkt dazu bei, die globale Plastikkrise zu bek\u00e4mpfen.<\/li>\n<li><strong>Vegan und abfallfrei:<\/strong> Es werden keine aus Tieren gewonnenen Materialien verwendet, und das Design minimiert den Abfall und sorgt f\u00fcr einen geringen \u00f6kologischen Fu\u00dfabdruck.<\/li>\n<\/ul>\n<p><strong>\u00dcber die Marke<\/strong> Th\u00e9la, was auf Hindi \u201ePlastikt\u00fcten\u201c bedeutet, spiegelt die Mission der Marke wider, lokalen Abfall in hochwertige Mode und Haushaltswaren zu verwandeln. Die Produkte werden unter Ber\u00fccksichtigung fairer Produktionsbedingungen hergestellt, wobei handgeschnittene Garne aus gesammelten Abf\u00e4llen verwendet werden, die auf traditionellen Handwebst\u00fchlen gewebt werden. Die Produktionsst\u00e4tten werden regelm\u00e4\u00dfig von Organisationen wie GOTS, Fairtrade oder OEKO-TEX inspiziert oder zertifiziert, um ethische und umweltfreundliche Praktiken zu gew\u00e4hrleisten.<\/p>","protected":false},"excerpt":{"rendered":"<p>Entdecken Sie eine elegante und vielseitige Crossbody-Telefontasche, die sowohl Stil als auch Funktionalit\u00e4t bietet. Mit zwei F\u00e4chern und einem verstellbaren Riemen f\u00fcr eine individuelle Passform ist sie perfekt, um Ihre wichtigsten Utensilien unterwegs zu transportieren.<\/p>","protected":false},"featured_media":1161,"comment_status":"open","ping_status":"closed","template":"","meta":{"om_disable_all_campaigns":false},"product_brand":[],"product_cat":[323],"product_tag":[325,322,445,446,447],"class_list":{"0":"post-1160","1":"product","2":"type-product","3":"status-publish","4":"has-post-thumbnail","6":"product_cat-bag","7":"product_tag-bag","8":"product_tag-circulair","9":"product_tag-phone-bag","10":"product_tag-thela","11":"product_tag-vegan","13":"first","14":"instock","15":"shipping-taxable","16":"product-type-external"},"aioseo_notices":[],"_links":{"self":[{"href":"https:\/\/jasitravel.com\/de\/wp-json\/wp\/v2\/product\/1160","targetHints":{"allow":["GET"]}}],"collection":[{"href":"https:\/\/jasitravel.com\/de\/wp-json\/wp\/v2\/product"}],"about":[{"href":"https:\/\/jasitravel.com\/de\/wp-json\/wp\/v2\/types\/product"}],"replies":[{"embeddable":true,"href":"https:\/\/jasitravel.com\/de\/wp-json\/wp\/v2\/comments?post=1160"}],"wp:featuredmedia":[{"embeddable":true,"href":"https:\/\/jasitravel.com\/de\/wp-json\/wp\/v2\/media\/1161"}],"wp:attachment":[{"href":"https:\/\/jasitravel.com\/de\/wp-json\/wp\/v2\/media?parent=1160"}],"wp:term":[{"taxonomy":"product_brand","embeddable":true,"href":"https:\/\/jasitravel.com\/de\/wp-json\/wp\/v2\/product_brand?post=1160"},{"taxonomy":"product_cat","embeddable":true,"href":"https:\/\/jasitravel.com\/de\/wp-json\/wp\/v2\/product_cat?post=1160"},{"taxonomy":"product_tag","embeddable":true,"href":"https:\/\/jasitravel.com\/de\/wp-json\/wp\/v2\/product_tag?post=1160"}],"curies":[{"name":"wp","href":"https:\/\/api.w.org\/{rel}","templated":true}]}}