{"id":982,"date":"2024-08-29T10:23:54","date_gmt":"2024-08-29T10:23:54","guid":{"rendered":"https:\/\/jasitravel.com\/?post_type=product&#038;p=982"},"modified":"2024-08-29T11:45:21","modified_gmt":"2024-08-29T11:45:21","slug":"peak-simplicity-geometric-mountain-tee","status":"publish","type":"product","link":"https:\/\/jasitravel.com\/de\/product\/peak-simplicity-geometric-mountain-tee\/","title":{"rendered":"PEAK SIMPLICITY: GEOMETRISCHES BERG-T-SHIRT"},"content":{"rendered":"<p>Dieses Peak Simplicity: Geometric Mountain Tee ist ein beliebter Favorit von uns. Dieses runde T-Shirt reduziert den Bedarf an neuen Materialien und kann immer wieder recycelt werden. Wenn es abgenutzt ist, k\u00f6nnen Sie es sogar an uns zur\u00fcckschicken, damit wir es zu etwas Neuem verarbeiten k\u00f6nnen. Das ist es, was echte Nachhaltigkeit f\u00fcr uns bedeutet.<\/p>","protected":false},"excerpt":{"rendered":"<p>T-Shirt aus Bio-Baumwolle aus der Kreislaufwirtschaft. Hergestellt aus 50% wiederaufbereiteter Bio-Baumwolle \/ 50% Bio-Baumwolle, 160 g\/m\u00b2. K\u00fchl waschen, trocken aufh\u00e4ngen. Frei von Gentechnik. Nicht an Tieren getestet. Enth\u00e4lt keine Produkte tierischen Ursprungs. Hergestellt in einer mit erneuerbaren Energien betriebenen Fabrik, die auf eine Vielzahl sozialer und nachhaltiger Kriterien gepr\u00fcft wurde. Erh\u00e4ltlich in Schwarz, Grau und Sunset Pink.<\/p>","protected":false},"featured_media":1049,"comment_status":"open","ping_status":"closed","template":"","meta":{"om_disable_all_campaigns":false},"product_brand":[],"product_cat":[319],"product_tag":[322,321,320],"class_list":{"0":"post-982","1":"product","2":"type-product","3":"status-publish","4":"has-post-thumbnail","6":"product_cat-t-shirt","7":"product_tag-circulair","8":"product_tag-organic-cotton","9":"product_tag-t-shirt","11":"first","12":"instock","13":"shipping-taxable","14":"product-type-external"},"aioseo_notices":[],"_links":{"self":[{"href":"https:\/\/jasitravel.com\/de\/wp-json\/wp\/v2\/product\/982","targetHints":{"allow":["GET"]}}],"collection":[{"href":"https:\/\/jasitravel.com\/de\/wp-json\/wp\/v2\/product"}],"about":[{"href":"https:\/\/jasitravel.com\/de\/wp-json\/wp\/v2\/types\/product"}],"replies":[{"embeddable":true,"href":"https:\/\/jasitravel.com\/de\/wp-json\/wp\/v2\/comments?post=982"}],"wp:featuredmedia":[{"embeddable":true,"href":"https:\/\/jasitravel.com\/de\/wp-json\/wp\/v2\/media\/1049"}],"wp:attachment":[{"href":"https:\/\/jasitravel.com\/de\/wp-json\/wp\/v2\/media?parent=982"}],"wp:term":[{"taxonomy":"product_brand","embeddable":true,"href":"https:\/\/jasitravel.com\/de\/wp-json\/wp\/v2\/product_brand?post=982"},{"taxonomy":"product_cat","embeddable":true,"href":"https:\/\/jasitravel.com\/de\/wp-json\/wp\/v2\/product_cat?post=982"},{"taxonomy":"product_tag","embeddable":true,"href":"https:\/\/jasitravel.com\/de\/wp-json\/wp\/v2\/product_tag?post=982"}],"curies":[{"name":"wp","href":"https:\/\/api.w.org\/{rel}","templated":true}]}}