{"id":3,"date":"2024-07-02T13:55:45","date_gmt":"2024-07-02T13:55:45","guid":{"rendered":"https:\/\/jasitravel.com\/?page_id=3"},"modified":"2024-08-13T11:58:16","modified_gmt":"2024-08-13T11:58:16","slug":"privacy-policy","status":"publish","type":"page","link":"https:\/\/jasitravel.com\/es\/privacy-policy\/","title":{"rendered":"Pol\u00edtica de privacidad"},"content":{"rendered":"<p><br><strong>\u00daltima actualizaci\u00f3n 06-jul-2024<\/strong><br><strong>Fecha de entrada en vigor 06-Jul-2024<\/strong><\/p>\n\n\n\n<p>La presente Pol\u00edtica de Privacidad describe las pol\u00edticas de JaSi Travel, Netherlands (the), email: info@jasitravel.com, sobre la recopilaci\u00f3n, uso y divulgaci\u00f3n de la informaci\u00f3n que recopilamos cuando usted utiliza nuestro sitio web ( https:\/\/jasitravel.com ). (el \u00abServicio\u00bb). Al acceder o utilizar el Servicio, usted consiente la recogida, uso y divulgaci\u00f3n de su informaci\u00f3n de conformidad con la presente Pol\u00edtica de Privacidad. Si no da su consentimiento, le rogamos que no acceda al Servicio ni lo utilice.<\/p>\n\n\n\n<p>Podemos modificar esta Pol\u00edtica de Privacidad en cualquier momento sin previo aviso y publicaremos la Pol\u00edtica de Privacidad revisada en el Servicio. La Pol\u00edtica revisada entrar\u00e1 en vigor a los 180 d\u00edas de su publicaci\u00f3n en el Servicio y su acceso o uso continuado del Servicio despu\u00e9s de dicho plazo constituir\u00e1 su aceptaci\u00f3n de la Pol\u00edtica de Privacidad revisada. Por lo tanto, le recomendamos que revise peri\u00f3dicamente esta p\u00e1gina.<\/p>\n\n\n\n<ol class=\"wp-block-list\">\n<li><strong>C\u00d3MO UTILIZAMOS SU INFORMACI\u00d3N: <\/strong>Utilizaremos la informaci\u00f3n que recopilemos sobre usted para los siguientes fines:<ol><li>Marketing\/Promoci\u00f3nTestimoniosRecogida de opiniones de clientesSoporte t\u00e9cnicoGesti\u00f3n de pedidos de clientesProtecci\u00f3n del sitio web<\/li><\/ol>Si queremos utilizar su informaci\u00f3n para cualquier otro fin, le pediremos su consentimiento y utilizaremos su informaci\u00f3n s\u00f3lo cuando recibamos su consentimiento y, en ese caso, s\u00f3lo para el fin o fines para los que otorgamos el consentimiento, a menos que la ley nos obligue a hacer otra cosa.<\/li>\n\n\n\n<li><strong>C\u00d3MO COMPARTIMOS SU INFORMACI\u00d3N: <\/strong>No transferiremos su informaci\u00f3n personal a terceros sin solicitar su consentimiento, excepto en las circunstancias limitadas que se describen a continuaci\u00f3n:<ol><li>Servicios publicitariosAgencias de marketingAnal\u00edticaRecogida y tratamiento de datos<\/li><\/ol>Exigimos a dichos terceros que utilicen la informaci\u00f3n personal que les transferimos \u00fanicamente para el fin para el que fue transferida y que no la conserven durante m\u00e1s tiempo del necesario para cumplir dicho fin.Tambi\u00e9n podemos revelar su informaci\u00f3n personal para lo siguiente: (1) para cumplir con la legislaci\u00f3n aplicable, reglamentos, \u00f3rdenes judiciales u otros procesos legales; (2) para hacer cumplir sus acuerdos con nosotros, incluyendo esta Pol\u00edtica de Privacidad; o (3) para responder a reclamaciones de que su uso del Servicio viola cualquier derecho de terceros. Si el Servicio o nuestra empresa se fusionan o adquieren con otra empresa, su informaci\u00f3n ser\u00e1 uno de los activos que se transfieran al nuevo propietario.<\/li>\n\n\n\n<li><strong>SUS DERECHOS:<\/strong> En funci\u00f3n de la legislaci\u00f3n aplicable, usted puede tener derecho a acceder a sus datos personales y rectificarlos o borrarlos o recibir una copia de los mismos, limitar el tratamiento activo de sus datos u oponerse a \u00e9l, solicitarnos que compartamos (portemos) su informaci\u00f3n personal a otra entidad, retirar cualquier consentimiento que nos haya dado para tratar sus datos, derecho a presentar una reclamaci\u00f3n ante una autoridad legal y otros derechos que puedan corresponderle en virtud de la legislaci\u00f3n aplicable. Para ejercer estos derechos, puede escribirnos a info@jasitravel.com. Tenga en cuenta que si no nos permite recabar o tratar los datos personales solicitados o retira el consentimiento para tratarlos con los fines requeridos, es posible que no pueda acceder o utilizar los servicios para los que se solicitaron sus datos.<\/li>\n<\/ol>\n\n\n\n<h2 class=\"wp-block-heading\">Cookies<\/h2>\n\n\n\n<p>Fecha efectiva: 06-Jul-2024<br>\u00daltima actualizaci\u00f3n: 06-Jul-2024<br><br>\u00a0\u00bfQu\u00e9 son las cookies? Esta Pol\u00edtica de Cookies explica qu\u00e9 son las cookies y c\u00f3mo las utilizamos, los tipos de cookies que utilizamos, es decir, la informaci\u00f3n que recopilamos mediante las cookies y c\u00f3mo se utiliza dicha informaci\u00f3n, y c\u00f3mo gestionar la configuraci\u00f3n de las cookies.<br>Las cookies son peque\u00f1os archivos de texto que se utilizan para almacenar peque\u00f1as piezas de informaci\u00f3n. Se almacenan en su dispositivo cuando el sitio web se carga en su navegador. Estas cookies nos ayudan a que el sitio web funcione correctamente, a que sea m\u00e1s seguro, a ofrecer una mejor experiencia de usuario y a comprender c\u00f3mo funciona el sitio web y analizar qu\u00e9 funciona y qu\u00e9 aspectos deben mejorarse.<br><br>\u00a0\u00bfC\u00f3mo utilizamos las cookies? Como la mayor\u00eda de los servicios en l\u00ednea, nuestro sitio web utiliza cookies propias y de terceros para diversos fines. Las cookies de origen son en su mayor\u00eda necesarias para que el sitio web funcione correctamente y no recopilan ning\u00fan dato personal que pueda identificarle.<br>Las cookies de terceros utilizadas en nuestro sitio web sirven principalmente para comprender c\u00f3mo funciona el sitio web, c\u00f3mo interact\u00faa usted con nuestro sitio web, mantener nuestros servicios seguros, proporcionar anuncios que sean relevantes para usted y, en definitiva, proporcionarle una experiencia de usuario mejor y m\u00e1s r\u00e1pida y ayudarle a agilizar sus futuras interacciones con nuestro sitio web.<br><br>\u00a0Tipos de cookies que utilizamos Administrar preferencias de cookies Configuraci\u00f3n de cookies Puede cambiar sus preferencias de cookies en cualquier momento haciendo clic en el bot\u00f3n anterior. Esto le permitir\u00e1 volver a visitar el banner de consentimiento de cookies y cambiar sus preferencias o retirar su consentimiento de inmediato.<br>Adem\u00e1s, los distintos navegadores ofrecen diferentes m\u00e9todos para bloquear y eliminar las cookies utilizadas por los sitios web. Puede cambiar la configuraci\u00f3n de su navegador para bloquear\/eliminar las cookies. A continuaci\u00f3n encontrar\u00e1 los enlaces a los documentos de ayuda sobre c\u00f3mo gestionar y eliminar las cookies de los principales navegadores web.<br><br>Chrome: <a href=\"https:\/\/support.google.com\/accounts\/answer\/32050\">https:\/\/support.google.com\/accounts\/answer\/32050<\/a><br>Safari: <a href=\"https:\/\/support.apple.com\/en-in\/guide\/safari\/sfri11471\/mac\">https:\/\/support.apple.com\/en-in\/guide\/safari\/sfri11471\/mac<\/a><br>Firefox: <a href=\"https:\/\/support.mozilla.org\/en-US\/kb\/clear-cookies-and-site-data-firefox?redirectslug=delete-cookies-remove-info-websites-stored&amp;redirectlocale=en-US\">https:\/\/support.mozilla.org\/en-US\/kb\/clear-cookies-and-site-data-firefox?redirectslug=delete-cookies-remove-info-websites-stored&amp;redirectlocale=en-US<\/a><br>Internet Explorer: <a href=\"https:\/\/support.microsoft.com\/en-us\/topic\/how-to-delete-cookie-files-in-internet-explorer-bca9446f-d873-78de-77ba-d42645fa52fc\">https:\/\/support.microsoft.com\/en-us\/topic\/how-to-delete-cookie-files-in-internet-explorer-bca9446f-d873-78de-77ba-d42645fa52fc<\/a><br>Si utiliza cualquier otro navegador, consulte la documentaci\u00f3n oficial de su navegador.<\/p>\n\n\n\n<ol class=\"wp-block-list\">\n<li><strong>SEGURIDAD:<\/strong> La seguridad de su informaci\u00f3n es importante para nosotros y utilizaremos medidas de seguridad razonables para evitar la p\u00e9rdida, el uso indebido o la alteraci\u00f3n no autorizada de su informaci\u00f3n bajo nuestro control. Sin embargo, dados los riesgos inherentes, no podemos garantizar una seguridad absoluta y, en consecuencia, no podemos asegurar o garantizar la seguridad de cualquier informaci\u00f3n que nos transmita y usted lo hace bajo su propio riesgo.<\/li>\n\n\n\n<li><strong>ENLACES DE TERCEROS Y USO DE SU INFORMACI\u00d3N:<\/strong> Nuestro Servicio puede contener enlaces a otros sitios web que no son operados por nosotros. Esta Pol\u00edtica de Privacidad no se refiere a la pol\u00edtica de privacidad y otras pr\u00e1cticas de terceros, incluyendo cualquier tercero que opere cualquier sitio web o servicio que pueda ser accesible a trav\u00e9s de un enlace en el Servicio. Le recomendamos encarecidamente que revise la pol\u00edtica de privacidad de cada sitio que visite. No tenemos ning\u00fan control ni asumimos ninguna responsabilidad por el contenido, las pol\u00edticas de privacidad o las pr\u00e1cticas de los sitios o servicios de terceros.<\/li>\n\n\n\n<li><strong>RESPONSABLE DE QUEJAS \/ PROTECCI\u00d3N DE DATOS:<\/strong> Si tiene alguna pregunta o duda sobre el tratamiento de la informaci\u00f3n de que disponemos sobre usted, puede enviar un correo electr\u00f3nico a nuestro responsable de quejas a JaSi Travel Tour, Van Speijkstraat, correo electr\u00f3nico: info@jasitravel.com. Atenderemos sus inquietudes de conformidad con la legislaci\u00f3n aplicable.<\/li>\n<\/ol>\n<div class=\"sws_supernormalaction\"><button on=\"tap:superwebshare-lightbox\" class=\"superwebshare_normal_button1 superwebshare-button-large superwebshare-button-default superwebshare_prompt superwebshare_button_svg\" style=\"color:#ffffff;background-color: #0bb4aa;\" ><svg xmlns=\"http:\/\/www.w3.org\/2000\/svg\" class=\"superwebshare-svg\"  fill=\"currentColor\" viewbox=\"0 0 1000 1000\" stroke=\"currentColor\" stroke-width=\"2\"><path stroke-linecap=\"round\" stroke-linejoin=\"round\" d=\"M863.85,899.9c0-78.74,0-157.47,0-236.21c0-86.74,0-173.49,0-260.23c0-32.79,3.08-68.99-34.11-85.1                c-16.75-7.26-36.77-5.03-54.67-5.03c-24.45,0-48.9,0-73.35,0c-13.09,0-26.18,0-39.26,0c-18.61,0-36.44,16.37-35.58,35.58                c0.86,19.28,15.63,35.58,35.58,35.58c36.52,0,73.04,0,109.57,0c6.89,0,13.78,0,20.66,0c0,70.64,0,141.28,0,211.92                c0,87.97,0,175.94,0,263.91c0,12.61,0,25.22,0,37.84c0,0.61-0.04,1.35-0.1,2.13c-5.37,0-10.75,0-16.12,0                c-78.99,0-157.98,0-236.98,0c-89.55,0-179.1,0-268.64,0c-20.87,0-41.73,0-62.6,0c-0.01-0.18-0.01-0.32-0.01-0.41                c0-75.2,0-150.4,0-225.59c0-86.39,0-172.78,0-259.17c0-10.21,0-20.43,0-30.64c5.83,0,11.67,0,17.5,0c23.42,0,46.85,0,70.27,0                c12.72,0,25.44,0,38.16,0c18.61,0,36.44-16.37,35.58-35.58c-0.86-19.28-15.63-35.58-35.58-35.58c-38.41,0-76.82,0-115.24,0                c-22.75,0-46.16-1.79-64.15,15.61c-13.61,13.16-17.7,30.34-17.7,48.37c0,73.04,0,146.07,0,219.11c0,90.62,0,181.24,0,271.86                c0,18.93-3.16,41.88,1.83,60.52c7.31,27.28,31.59,42.36,58.74,42.66c8.03,0.09,16.06,0,24.09,0c81.86,0,163.72,0,245.59,0                c91.29,0,182.58,0,273.87,0c21.18,0,42.41,0.41,63.58,0c32.43-0.63,57.88-23.83,59.08-56.77                C864.02,909.78,863.85,904.82,863.85,899.9z M195.24,384.69c0.03,0,0.06,0.01,0.09,0.01C195.3,384.69,195.27,384.69,195.24,384.69z                 M208.22,372.74C208.07,369.12,209.05,370.81,208.22,372.74L208.22,372.74z M193.8,900.31c0-0.06,0.25-0.05,0.61,0                C194.19,900.31,193.8,900.3,193.8,900.31z M792.69,370.29c-0.17,0.13,0.01,1.68,0,1.88c-0.03,0.42-0.04,0.84-0.05,1.26                C792.01,372.05,791.88,370.89,792.69,370.29z M805.73,900.12c0.36,0.01,0.71,0.07,1.01,0.19                C806.46,900.19,806.11,900.14,805.73,900.12z\" \/><path stroke-linecap=\"round\" stroke-linejoin=\"round\" d=\"M372.33,243.92c30.85-31.2,61.7-62.4,92.54-93.6c0,36.7,0,73.39,0,110.09c0,93.09,0,186.17,0,279.26                c0,21.53,0,43.07,0,64.6c0,18.61,16.37,36.44,35.58,35.58c19.28-0.86,35.58-15.63,35.58-35.58c0-58.65,0-117.3,0-175.95                c0-92.69,0-185.38,0-278.07c24.52,24.77,49.03,49.53,73.55,74.3c6.39,6.46,12.79,12.92,19.18,19.37                c13.52,13.66,36.78,13.54,50.32,0c13.69-13.69,13.56-36.62,0-50.32c-44.76-45.22-89.52-90.44-134.29-135.66                c-6.39-6.46-12.79-12.92-19.18-19.37c-13.46-13.6-36.83-13.64-50.32,0C430.59,83.78,385.88,129,341.17,174.22                c-6.39,6.46-12.77,12.92-19.16,19.37c-13.51,13.66-13.64,36.68,0,50.32C335.58,257.49,358.78,257.62,372.33,243.92z\" \/><\/svg><span>Compartir<\/span><\/button><\/div>","protected":false},"excerpt":{"rendered":"<p>Last Updated On 06-Jul-2024Effective Date 06-Jul-2024 This Privacy Policy describes the policies of JaSi Travel Tour, Netherlands (the), email: info@jasitravel.com, on the collection, use and disclosure of your information that we collect when you use our website ( https:\/\/jasitravel.com ). (the \u201cService\u201d). By accessing or using the Service, you are consenting to the collection, use [&hellip;]<\/p>\n","protected":false},"author":1,"featured_media":0,"parent":0,"menu_order":0,"comment_status":"closed","ping_status":"open","template":"","meta":{"om_disable_all_campaigns":false,"footnotes":""},"class_list":["post-3","page","type-page","status-publish","hentry"],"aioseo_notices":[],"amp_enabled":true,"_links":{"self":[{"href":"https:\/\/jasitravel.com\/es\/wp-json\/wp\/v2\/pages\/3","targetHints":{"allow":["GET"]}}],"collection":[{"href":"https:\/\/jasitravel.com\/es\/wp-json\/wp\/v2\/pages"}],"about":[{"href":"https:\/\/jasitravel.com\/es\/wp-json\/wp\/v2\/types\/page"}],"author":[{"embeddable":true,"href":"https:\/\/jasitravel.com\/es\/wp-json\/wp\/v2\/users\/1"}],"replies":[{"embeddable":true,"href":"https:\/\/jasitravel.com\/es\/wp-json\/wp\/v2\/comments?post=3"}],"version-history":[{"count":0,"href":"https:\/\/jasitravel.com\/es\/wp-json\/wp\/v2\/pages\/3\/revisions"}],"wp:attachment":[{"href":"https:\/\/jasitravel.com\/es\/wp-json\/wp\/v2\/media?parent=3"}],"curies":[{"name":"wp","href":"https:\/\/api.w.org\/{rel}","templated":true}]}}