{"id":1175,"date":"2024-09-13T16:43:21","date_gmt":"2024-09-13T16:43:21","guid":{"rendered":"https:\/\/jasitravel.com\/?post_type=product&#038;p=1175"},"modified":"2024-09-14T06:35:22","modified_gmt":"2024-09-14T06:35:22","slug":"phone-bag-berry","status":"publish","type":"product","link":"https:\/\/jasitravel.com\/es\/product\/phone-bag-berry\/","title":{"rendered":"Phone Bag \u2013 Berry"},"content":{"rendered":"<p><strong>Productos<\/strong> Descubre un elegante y vers\u00e1til bolso cruzado para el m\u00f3vil, dise\u00f1ado para ofrecer estilo y funcionalidad. Con dos compartimentos y una correa ajustable para un ajuste personalizado, es perfecto para llevar tus objetos esenciales sobre la marcha.<\/p>\n<p><strong>Caracter\u00edsticas principales<\/strong><\/p>\n<ul>\n<li>Amplio compartimento principal con cierre magn\u00e9tico seguro para el tel\u00e9fono<\/li>\n<li>Pr\u00e1ctico bolsillo frontal m\u00e1s peque\u00f1o, ideal para acceder r\u00e1pidamente a tarjetas, llaves u otros objetos peque\u00f1os<\/li>\n<li>Dise\u00f1ado para alojar c\u00f3modamente tel\u00e9fonos de hasta 16 x 8 x 1 cm<\/li>\n<\/ul>\n<p><strong>Especificaciones del producto<\/strong><\/p>\n<ul>\n<li><strong>Dimensiones:<\/strong> Alto: 19 cm, Largo: 10,5 cm (aprox.)<\/li>\n<li><strong>Peso:<\/strong> 90 g (aprox.)<\/li>\n<\/ul>\n<p><strong>Instrucciones de cuidado<\/strong><\/p>\n<ul>\n<li>Lavar a mano o por zonas con agua corriente fr\u00eda. Evitar el lavado a m\u00e1quina.<\/li>\n<li>Utilice un detergente suave o natural.<\/li>\n<li>Lave la bolsa con menos frecuencia para alargar su vida \u00fatil y reducir el impacto medioambiental.<\/li>\n<\/ul>\n<p><strong>Materiales sostenibles<\/strong><\/p>\n<ul>\n<li>Tejido circular fabricado a partir de 20 bolsas de pl\u00e1stico recicladas y PET<\/li>\n<li>Forro y tirantes de algod\u00f3n org\u00e1nico<\/li>\n<li>Cremalleras de pl\u00e1stico reciclado<\/li>\n<\/ul>\n<p><strong>Sostenibilidad<\/strong><\/p>\n<ul>\n<li><strong>Pl\u00e1stico Negativo:<\/strong> Al reutilizar los residuos pl\u00e1sticos locales en accesorios de alta calidad, este producto ayuda a atajar la crisis mundial del pl\u00e1stico.<\/li>\n<li><strong>Vegano y residuo cero:<\/strong> No se utilizan materiales de origen animal, y el dise\u00f1o minimiza los residuos, garantizando una baja huella medioambiental.<\/li>\n<\/ul>\n<p><strong>Acerca de la marca<\/strong> Th\u00e9la, que significa \u00abbolsas de pl\u00e1stico\u00bb en hindi, refleja la misi\u00f3n de la marca de transformar los residuos locales en art\u00edculos de primera calidad para la moda y el hogar. Sus productos se fabrican con un compromiso de producci\u00f3n justa, utilizando hilos cortados a mano a partir de residuos recogidos que se tejen en telares manuales tradicionales. Las instalaciones son inspeccionadas o certificadas peri\u00f3dicamente por organizaciones como GOTS, Fairtrade u OEKO-TEX, lo que garantiza unas pr\u00e1cticas \u00e9ticas y ecol\u00f3gicas.<\/p>","protected":false},"excerpt":{"rendered":"<p>Descubre un elegante y vers\u00e1til bolso cruzado para el m\u00f3vil, dise\u00f1ado para ofrecer estilo y funcionalidad. Con dos compartimentos y una correa ajustable para un ajuste personalizado, es perfecto para llevar tus objetos esenciales sobre la marcha.<\/p>","protected":false},"featured_media":1178,"comment_status":"open","ping_status":"closed","template":"","meta":{"om_disable_all_campaigns":false},"product_brand":[],"product_cat":[323],"product_tag":[325,322,445,446,447],"class_list":{"0":"post-1175","1":"product","2":"type-product","3":"status-publish","4":"has-post-thumbnail","6":"product_cat-bag","7":"product_tag-bag","8":"product_tag-circulair","9":"product_tag-phone-bag","10":"product_tag-thela","11":"product_tag-vegan","13":"first","14":"instock","15":"shipping-taxable","16":"product-type-external"},"aioseo_notices":[],"_links":{"self":[{"href":"https:\/\/jasitravel.com\/es\/wp-json\/wp\/v2\/product\/1175","targetHints":{"allow":["GET"]}}],"collection":[{"href":"https:\/\/jasitravel.com\/es\/wp-json\/wp\/v2\/product"}],"about":[{"href":"https:\/\/jasitravel.com\/es\/wp-json\/wp\/v2\/types\/product"}],"replies":[{"embeddable":true,"href":"https:\/\/jasitravel.com\/es\/wp-json\/wp\/v2\/comments?post=1175"}],"wp:featuredmedia":[{"embeddable":true,"href":"https:\/\/jasitravel.com\/es\/wp-json\/wp\/v2\/media\/1178"}],"wp:attachment":[{"href":"https:\/\/jasitravel.com\/es\/wp-json\/wp\/v2\/media?parent=1175"}],"wp:term":[{"taxonomy":"product_brand","embeddable":true,"href":"https:\/\/jasitravel.com\/es\/wp-json\/wp\/v2\/product_brand?post=1175"},{"taxonomy":"product_cat","embeddable":true,"href":"https:\/\/jasitravel.com\/es\/wp-json\/wp\/v2\/product_cat?post=1175"},{"taxonomy":"product_tag","embeddable":true,"href":"https:\/\/jasitravel.com\/es\/wp-json\/wp\/v2\/product_tag?post=1175"}],"curies":[{"name":"wp","href":"https:\/\/api.w.org\/{rel}","templated":true}]}}