{"id":3,"date":"2024-07-02T13:55:45","date_gmt":"2024-07-02T13:55:45","guid":{"rendered":"https:\/\/jasitravel.com\/?page_id=3"},"modified":"2024-08-13T11:58:16","modified_gmt":"2024-08-13T11:58:16","slug":"privacy-policy","status":"publish","type":"page","link":"https:\/\/jasitravel.com\/fr\/privacy-policy\/","title":{"rendered":"Politique de confidentialit\u00e9"},"content":{"rendered":"<p><br><strong>Derni\u00e8re mise \u00e0 jour le 06-Jul-2024<\/strong><br><strong>Date d'entr\u00e9e en vigueur 06-Jul-2024<\/strong><\/p>\n\n\n\n<p>Cette politique de confidentialit\u00e9 d\u00e9crit les politiques de JaSi Travel, Netherlands (the), email : info@jasitravel.com, sur la collecte, l'utilisation et la divulgation de vos informations que nous recueillons lorsque vous utilisez notre site web ( https:\/\/jasitravel.com ). (le \u00ab Service \u00bb). En acc\u00e9dant au Service ou en l'utilisant, vous consentez \u00e0 la collecte, \u00e0 l'utilisation et \u00e0 la divulgation de vos informations conform\u00e9ment \u00e0 la pr\u00e9sente politique de confidentialit\u00e9. Si vous n'y consentez pas, veuillez ne pas acc\u00e9der au service ni l'utiliser.<\/p>\n\n\n\n<p>Nous pouvons modifier la pr\u00e9sente politique de confidentialit\u00e9 \u00e0 tout moment sans vous en informer au pr\u00e9alable et nous publierons la politique de confidentialit\u00e9 r\u00e9vis\u00e9e sur le service. La politique r\u00e9vis\u00e9e entrera en vigueur 180 jours apr\u00e8s sa publication sur le service et votre acc\u00e8s ou utilisation continue du service apr\u00e8s cette date constituera votre acceptation de la politique de confidentialit\u00e9 r\u00e9vis\u00e9e. Nous vous recommandons donc de consulter r\u00e9guli\u00e8rement cette page.<\/p>\n\n\n\n<ol class=\"wp-block-list\">\n<li><strong>COMMENT NOUS UTILISONS VOS INFORMATIONS : <\/strong>Nous utiliserons les informations que nous recueillons \u00e0 votre sujet aux fins suivantes :<ol><li>Marketing\/PromotionnelT\u00e9moignagesCollecte des commentaires des clientsSupportGestion des commandes des clientsProtection du site<\/li><\/ol>Si nous voulons utiliser vos informations \u00e0 d'autres fins, nous vous demanderons votre consentement et nous n'utiliserons vos informations qu'apr\u00e8s avoir re\u00e7u votre consentement et, dans ce cas, uniquement aux fins pour lesquelles vous avez donn\u00e9 votre consentement, sauf si la loi nous oblige \u00e0 faire autrement.<\/li>\n\n\n\n<li><strong>COMMENT NOUS PARTAGEONS VOS INFORMATIONS : <\/strong>Nous ne transf\u00e9rerons pas vos informations personnelles \u00e0 un tiers sans votre consentement, sauf dans les circonstances limit\u00e9es d\u00e9crites ci-dessous :<ol><li>Services publicitairesAgences de marketingAnalytiqueCollecte et traitement des donn\u00e9es<\/li><\/ol>Nous demandons \u00e0 ces tiers d'utiliser les informations personnelles que nous leur transf\u00e9rons uniquement dans le but pour lequel elles ont \u00e9t\u00e9 transf\u00e9r\u00e9es et de ne pas les conserver plus longtemps qu'il n'est n\u00e9cessaire pour atteindre ledit but : (1) pour se conformer \u00e0 la loi, \u00e0 la r\u00e9glementation, \u00e0 l'ordonnance d'un tribunal ou \u00e0 toute autre proc\u00e9dure judiciaire applicable ; (2) pour faire appliquer les accords que vous avez conclus avec nous, y compris la pr\u00e9sente politique de confidentialit\u00e9 ; ou (3) pour r\u00e9pondre \u00e0 des r\u00e9clamations selon lesquelles votre utilisation du service viole les droits d'un tiers. Si le service ou notre soci\u00e9t\u00e9 est fusionn\u00e9 ou acquis par une autre soci\u00e9t\u00e9, vos informations seront l'un des actifs transf\u00e9r\u00e9s au nouveau propri\u00e9taire.<\/li>\n\n\n\n<li><strong>VOS DROITS :<\/strong> En fonction de la l\u00e9gislation applicable, vous pouvez avoir un droit d'acc\u00e8s et de rectification ou d'effacement de vos donn\u00e9es \u00e0 caract\u00e8re personnel ou recevoir une copie de vos donn\u00e9es \u00e0 caract\u00e8re personnel, restreindre le traitement actif de vos donn\u00e9es ou vous y opposer, nous demander de partager (portage) vos donn\u00e9es \u00e0 caract\u00e8re personnel avec une autre entit\u00e9, retirer tout consentement que vous nous avez donn\u00e9 pour traiter vos donn\u00e9es, un droit de d\u00e9poser une plainte aupr\u00e8s d'une autorit\u00e9 statutaire et tout autre droit pertinent en vertu de la l\u00e9gislation applicable. Pour exercer ces droits, vous pouvez nous \u00e9crire \u00e0 info@jasitravel.com. Veuillez noter que si vous ne nous autorisez pas \u00e0 collecter ou \u00e0 traiter les informations personnelles requises ou si vous retirez votre consentement au traitement de ces informations aux fins requises, il se peut que vous ne puissiez pas acc\u00e9der aux services pour lesquels vos informations ont \u00e9t\u00e9 demand\u00e9es, ni les utiliser.<\/li>\n<\/ol>\n\n\n\n<h2 class=\"wp-block-heading\">Cookies<\/h2>\n\n\n\n<p>Date d'effet : 06-Jul-2024<br>Derni\u00e8re mise \u00e0 jour : 06-Jul-2024<br><br>\u00a0Que sont les cookies ? La pr\u00e9sente politique en mati\u00e8re de cookies explique ce que sont les cookies et comment nous les utilisons, les types de cookies que nous utilisons, c'est-\u00e0-dire les informations que nous collectons \u00e0 l'aide des cookies et la mani\u00e8re dont ces informations sont utilis\u00e9es, ainsi que la mani\u00e8re de g\u00e9rer les param\u00e8tres des cookies.<br>Les cookies sont de petits fichiers texte utilis\u00e9s pour stocker de petits \u00e9l\u00e9ments d'information. Ils sont stock\u00e9s sur votre appareil lorsque le site web est charg\u00e9 sur votre navigateur. Ces cookies nous aident \u00e0 faire fonctionner le site web correctement, \u00e0 le rendre plus s\u00fbr, \u00e0 offrir une meilleure exp\u00e9rience \u00e0 l'utilisateur, \u00e0 comprendre comment le site web fonctionne et \u00e0 analyser ce qui fonctionne et ce qui doit \u00eatre am\u00e9lior\u00e9.<br><br>\u00a0Comment utilisons-nous les cookies ? Comme la plupart des services en ligne, notre site web utilise des cookies de premi\u00e8re partie et de tierce partie \u00e0 plusieurs fins. Les cookies de premi\u00e8re partie sont essentiellement n\u00e9cessaires au bon fonctionnement du site web et ne collectent aucune donn\u00e9e personnelle permettant de vous identifier.<br>Les cookies tiers utilis\u00e9s sur notre site web servent principalement \u00e0 comprendre comment le site web fonctionne, comment vous interagissez avec notre site web, \u00e0 assurer la s\u00e9curit\u00e9 de nos services, \u00e0 fournir des publicit\u00e9s pertinentes pour vous et, dans l'ensemble, \u00e0 vous offrir une exp\u00e9rience utilisateur meilleure et am\u00e9lior\u00e9e et \u00e0 acc\u00e9l\u00e9rer vos interactions futures avec notre site web.<br><br>\u00a0Types de cookies que nous utilisons G\u00e9rer les pr\u00e9f\u00e9rences en mati\u00e8re de cookies Param\u00e8tres des cookies Vous pouvez modifier vos pr\u00e9f\u00e9rences en mati\u00e8re de cookies \u00e0 tout moment en cliquant sur le bouton ci-dessus. Cela vous permettra de revenir sur la banni\u00e8re de consentement aux cookies et de modifier vos pr\u00e9f\u00e9rences ou de retirer votre consentement imm\u00e9diatement.<br>En outre, les navigateurs proposent des m\u00e9thodes diff\u00e9rentes pour bloquer et supprimer les cookies utilis\u00e9s par les sites web. Vous pouvez modifier les param\u00e8tres de votre navigateur pour bloquer\/supprimer les cookies. Vous trouverez ci-dessous les liens vers les documents d'assistance relatifs \u00e0 la gestion et \u00e0 la suppression des cookies des principaux navigateurs web.<br><br>Chrome: <a href=\"https:\/\/support.google.com\/accounts\/answer\/32050\">https:\/\/support.google.com\/accounts\/answer\/32050<\/a><br>Safari: <a href=\"https:\/\/support.apple.com\/en-in\/guide\/safari\/sfri11471\/mac\">https:\/\/support.apple.com\/en-in\/guide\/safari\/sfri11471\/mac<\/a><br>Firefox: <a href=\"https:\/\/support.mozilla.org\/en-US\/kb\/clear-cookies-and-site-data-firefox?redirectslug=delete-cookies-remove-info-websites-stored&amp;redirectlocale=en-US\">https:\/\/support.mozilla.org\/en-US\/kb\/clear-cookies-and-site-data-firefox?redirectslug=delete-cookies-remove-info-websites-stored&amp;redirectlocale=en-US<\/a><br>Internet Explorer: <a href=\"https:\/\/support.microsoft.com\/en-us\/topic\/how-to-delete-cookie-files-in-internet-explorer-bca9446f-d873-78de-77ba-d42645fa52fc\">https:\/\/support.microsoft.com\/en-us\/topic\/how-to-delete-cookie-files-in-internet-explorer-bca9446f-d873-78de-77ba-d42645fa52fc<\/a><br>Si vous utilisez un autre navigateur web, veuillez consulter les documents d'assistance officiels de votre navigateur.<\/p>\n\n\n\n<ol class=\"wp-block-list\">\n<li><strong>S\u00c9CURIT\u00c9 :<\/strong> La s\u00e9curit\u00e9 de vos informations est importante pour nous et nous utiliserons des mesures de s\u00e9curit\u00e9 raisonnables pour emp\u00eacher la perte, l'utilisation abusive ou la modification non autoris\u00e9e de vos informations sous notre contr\u00f4le. Toutefois, compte tenu des risques inh\u00e9rents, nous ne pouvons pas garantir une s\u00e9curit\u00e9 absolue et, par cons\u00e9quent, nous ne pouvons pas assurer ou garantir la s\u00e9curit\u00e9 des informations que vous nous transmettez et vous le faites \u00e0 vos propres risques.<\/li>\n\n\n\n<li><strong>LIENS AVEC DES TIERS ET UTILISATION DE VOS INFORMATIONS :<\/strong> Notre service peut contenir des liens vers d'autres sites web qui ne sont pas exploit\u00e9s par nous. La pr\u00e9sente politique de confidentialit\u00e9 ne traite pas de la politique de confidentialit\u00e9 et des autres pratiques des tiers, y compris des tiers exploitant un site web ou un service accessible par un lien sur le service. Nous vous conseillons vivement de consulter la politique de confidentialit\u00e9 de chaque site que vous visitez. Nous n'avons aucun contr\u00f4le sur le contenu, les politiques de confidentialit\u00e9 ou les pratiques des sites ou services tiers et n'assumons aucune responsabilit\u00e9 \u00e0 cet \u00e9gard.<\/li>\n\n\n\n<li><strong>RESPONSABLE DES GRIEFS \/ DE LA PROTECTION DES DONN\u00c9ES :<\/strong> Si vous avez des questions ou des pr\u00e9occupations concernant le traitement de vos informations disponibles chez nous, vous pouvez envoyer un courriel \u00e0 notre responsable des griefs \u00e0 JaSi Travel Tour, Van Speijkstraat, courriel : info@jasitravel.com. Nous r\u00e9pondrons \u00e0 vos pr\u00e9occupations conform\u00e9ment \u00e0 la l\u00e9gislation applicable.<\/li>\n<\/ol>\n<div class=\"sws_supernormalaction\"><button on=\"tap:superwebshare-lightbox\" class=\"superwebshare_normal_button1 superwebshare-button-large superwebshare-button-default superwebshare_prompt superwebshare_button_svg\" style=\"color:#ffffff;background-color: #0bb4aa;\" ><svg xmlns=\"http:\/\/www.w3.org\/2000\/svg\" class=\"superwebshare-svg\"  fill=\"currentColor\" viewbox=\"0 0 1000 1000\" stroke=\"currentColor\" stroke-width=\"2\"><path stroke-linecap=\"round\" stroke-linejoin=\"round\" d=\"M863.85,899.9c0-78.74,0-157.47,0-236.21c0-86.74,0-173.49,0-260.23c0-32.79,3.08-68.99-34.11-85.1                c-16.75-7.26-36.77-5.03-54.67-5.03c-24.45,0-48.9,0-73.35,0c-13.09,0-26.18,0-39.26,0c-18.61,0-36.44,16.37-35.58,35.58                c0.86,19.28,15.63,35.58,35.58,35.58c36.52,0,73.04,0,109.57,0c6.89,0,13.78,0,20.66,0c0,70.64,0,141.28,0,211.92                c0,87.97,0,175.94,0,263.91c0,12.61,0,25.22,0,37.84c0,0.61-0.04,1.35-0.1,2.13c-5.37,0-10.75,0-16.12,0                c-78.99,0-157.98,0-236.98,0c-89.55,0-179.1,0-268.64,0c-20.87,0-41.73,0-62.6,0c-0.01-0.18-0.01-0.32-0.01-0.41                c0-75.2,0-150.4,0-225.59c0-86.39,0-172.78,0-259.17c0-10.21,0-20.43,0-30.64c5.83,0,11.67,0,17.5,0c23.42,0,46.85,0,70.27,0                c12.72,0,25.44,0,38.16,0c18.61,0,36.44-16.37,35.58-35.58c-0.86-19.28-15.63-35.58-35.58-35.58c-38.41,0-76.82,0-115.24,0                c-22.75,0-46.16-1.79-64.15,15.61c-13.61,13.16-17.7,30.34-17.7,48.37c0,73.04,0,146.07,0,219.11c0,90.62,0,181.24,0,271.86                c0,18.93-3.16,41.88,1.83,60.52c7.31,27.28,31.59,42.36,58.74,42.66c8.03,0.09,16.06,0,24.09,0c81.86,0,163.72,0,245.59,0                c91.29,0,182.58,0,273.87,0c21.18,0,42.41,0.41,63.58,0c32.43-0.63,57.88-23.83,59.08-56.77                C864.02,909.78,863.85,904.82,863.85,899.9z M195.24,384.69c0.03,0,0.06,0.01,0.09,0.01C195.3,384.69,195.27,384.69,195.24,384.69z                 M208.22,372.74C208.07,369.12,209.05,370.81,208.22,372.74L208.22,372.74z M193.8,900.31c0-0.06,0.25-0.05,0.61,0                C194.19,900.31,193.8,900.3,193.8,900.31z M792.69,370.29c-0.17,0.13,0.01,1.68,0,1.88c-0.03,0.42-0.04,0.84-0.05,1.26                C792.01,372.05,791.88,370.89,792.69,370.29z M805.73,900.12c0.36,0.01,0.71,0.07,1.01,0.19                C806.46,900.19,806.11,900.14,805.73,900.12z\" \/><path stroke-linecap=\"round\" stroke-linejoin=\"round\" d=\"M372.33,243.92c30.85-31.2,61.7-62.4,92.54-93.6c0,36.7,0,73.39,0,110.09c0,93.09,0,186.17,0,279.26                c0,21.53,0,43.07,0,64.6c0,18.61,16.37,36.44,35.58,35.58c19.28-0.86,35.58-15.63,35.58-35.58c0-58.65,0-117.3,0-175.95                c0-92.69,0-185.38,0-278.07c24.52,24.77,49.03,49.53,73.55,74.3c6.39,6.46,12.79,12.92,19.18,19.37                c13.52,13.66,36.78,13.54,50.32,0c13.69-13.69,13.56-36.62,0-50.32c-44.76-45.22-89.52-90.44-134.29-135.66                c-6.39-6.46-12.79-12.92-19.18-19.37c-13.46-13.6-36.83-13.64-50.32,0C430.59,83.78,385.88,129,341.17,174.22                c-6.39,6.46-12.77,12.92-19.16,19.37c-13.51,13.66-13.64,36.68,0,50.32C335.58,257.49,358.78,257.62,372.33,243.92z\" \/><\/svg><span>Partager<\/span><\/button><\/div>","protected":false},"excerpt":{"rendered":"<p>Last Updated On 06-Jul-2024Effective Date 06-Jul-2024 This Privacy Policy describes the policies of JaSi Travel Tour, Netherlands (the), email: info@jasitravel.com, on the collection, use and disclosure of your information that we collect when you use our website ( https:\/\/jasitravel.com ). (the \u201cService\u201d). By accessing or using the Service, you are consenting to the collection, use [&hellip;]<\/p>\n","protected":false},"author":1,"featured_media":0,"parent":0,"menu_order":0,"comment_status":"closed","ping_status":"open","template":"","meta":{"om_disable_all_campaigns":false,"footnotes":""},"class_list":["post-3","page","type-page","status-publish","hentry"],"aioseo_notices":[],"amp_enabled":true,"_links":{"self":[{"href":"https:\/\/jasitravel.com\/fr\/wp-json\/wp\/v2\/pages\/3","targetHints":{"allow":["GET"]}}],"collection":[{"href":"https:\/\/jasitravel.com\/fr\/wp-json\/wp\/v2\/pages"}],"about":[{"href":"https:\/\/jasitravel.com\/fr\/wp-json\/wp\/v2\/types\/page"}],"author":[{"embeddable":true,"href":"https:\/\/jasitravel.com\/fr\/wp-json\/wp\/v2\/users\/1"}],"replies":[{"embeddable":true,"href":"https:\/\/jasitravel.com\/fr\/wp-json\/wp\/v2\/comments?post=3"}],"version-history":[{"count":0,"href":"https:\/\/jasitravel.com\/fr\/wp-json\/wp\/v2\/pages\/3\/revisions"}],"wp:attachment":[{"href":"https:\/\/jasitravel.com\/fr\/wp-json\/wp\/v2\/media?parent=3"}],"curies":[{"name":"wp","href":"https:\/\/api.w.org\/{rel}","templated":true}]}}