{"id":1160,"date":"2024-09-12T20:15:18","date_gmt":"2024-09-12T20:15:18","guid":{"rendered":"https:\/\/jasitravel.com\/?post_type=product&#038;p=1160"},"modified":"2024-09-12T20:31:40","modified_gmt":"2024-09-12T20:31:40","slug":"phone-bag-mustard-field","status":"publish","type":"product","link":"https:\/\/jasitravel.com\/fr\/product\/phone-bag-mustard-field\/","title":{"rendered":"Sacoche pour t\u00e9l\u00e9phone portable - Mustard Field"},"content":{"rendered":"<p><strong>Aper\u00e7u du produit<\/strong> D\u00e9couvrez une pochette de t\u00e9l\u00e9phone \u00e9l\u00e9gante et polyvalente, con\u00e7ue \u00e0 la fois pour le style et la fonctionnalit\u00e9. Dot\u00e9 de deux compartiments et d'une sangle r\u00e9glable pour un ajustement personnalis\u00e9, il est parfait pour transporter vos essentiels lors de vos d\u00e9placements.<\/p>\n<p><strong>Caract\u00e9ristiques principales<\/strong><\/p>\n<ul>\n<li>Compartiment principal spacieux avec fermeture magn\u00e9tique s\u00e9curis\u00e9e pour votre t\u00e9l\u00e9phone<\/li>\n<li>Petite poche frontale pratique, id\u00e9ale pour un acc\u00e8s rapide aux cartes, aux cl\u00e9s ou \u00e0 d'autres petits objets.<\/li>\n<li>Con\u00e7ue pour accueillir confortablement les t\u00e9l\u00e9phones jusqu'\u00e0 16 x 8 x 1 cm<\/li>\n<\/ul>\n<p><strong>Sp\u00e9cifications des produits<\/strong><\/p>\n<ul>\n<li><strong>Dimensions :<\/strong> H : 19 cm, L : 10,5 cm (approx.)<\/li>\n<li><strong>Poids :<\/strong> 90 g (approx.)<\/li>\n<\/ul>\n<p><strong>Instructions d'entretien<\/strong><\/p>\n<ul>\n<li>Laver \u00e0 la main ou \u00e0 l'eau froide. \u00c9viter le lavage en machine.<\/li>\n<li>Utilisez un d\u00e9tergent doux ou naturel.<\/li>\n<li>Laver moins souvent pour prolonger la dur\u00e9e de vie du sac et r\u00e9duire l'impact sur l'environnement.<\/li>\n<\/ul>\n<p><strong>Mat\u00e9riaux durables<\/strong><\/p>\n<ul>\n<li>Fabriqu\u00e9 en tissu circulaire \u00e0 partir de 20 sacs en plastique recycl\u00e9s et de PET.<\/li>\n<li>Doublure et bretelles en coton biologique<\/li>\n<li>Fermetures \u00e9clair en plastique recycl\u00e9<\/li>\n<\/ul>\n<p><strong>D\u00e9veloppement durable<\/strong><\/p>\n<ul>\n<li><strong>Plastique N\u00e9gatif :<\/strong> En transformant les d\u00e9chets plastiques locaux en accessoires de haute qualit\u00e9, ce produit contribue \u00e0 lutter contre la crise mondiale du plastique.<\/li>\n<li><strong>Vegan et z\u00e9ro d\u00e9chet :<\/strong> Aucun mat\u00e9riau d'origine animale n'est utilis\u00e9 et la conception minimise les d\u00e9chets, ce qui garantit une faible empreinte environnementale.<\/li>\n<\/ul>\n<p><strong>\u00c0 propos de la marque<\/strong> Th\u00e9la, qui signifie \u00ab sacs en plastique \u00bb en hindi, refl\u00e8te la mission de la marque, qui consiste \u00e0 transformer les d\u00e9chets locaux en articles de mode et d'int\u00e9rieur de qualit\u00e9 sup\u00e9rieure. Leurs produits sont fabriqu\u00e9s dans le respect de la production \u00e9quitable, en utilisant des fils coup\u00e9s \u00e0 la main \u00e0 partir de d\u00e9chets collect\u00e9s et tiss\u00e9s sur des m\u00e9tiers \u00e0 tisser traditionnels. Les installations sont r\u00e9guli\u00e8rement inspect\u00e9es ou certifi\u00e9es par des organisations telles que GOTS, Fairtrade ou OEKO-TEX, ce qui garantit des pratiques \u00e9thiques et respectueuses de l'environnement.<\/p>","protected":false},"excerpt":{"rendered":"<p>D\u00e9couvrez une pochette de t\u00e9l\u00e9phone \u00e9l\u00e9gante et polyvalente, con\u00e7ue \u00e0 la fois pour le style et la fonctionnalit\u00e9. Dot\u00e9 de deux compartiments et d'une sangle r\u00e9glable pour un ajustement personnalis\u00e9, il est parfait pour transporter vos essentiels lors de vos d\u00e9placements.<\/p>","protected":false},"featured_media":1161,"comment_status":"open","ping_status":"closed","template":"","meta":{"om_disable_all_campaigns":false},"product_brand":[],"product_cat":[323],"product_tag":[325,322,445,446,447],"class_list":{"0":"post-1160","1":"product","2":"type-product","3":"status-publish","4":"has-post-thumbnail","6":"product_cat-bag","7":"product_tag-bag","8":"product_tag-circulair","9":"product_tag-phone-bag","10":"product_tag-thela","11":"product_tag-vegan","13":"first","14":"instock","15":"shipping-taxable","16":"product-type-external"},"aioseo_notices":[],"_links":{"self":[{"href":"https:\/\/jasitravel.com\/fr\/wp-json\/wp\/v2\/product\/1160","targetHints":{"allow":["GET"]}}],"collection":[{"href":"https:\/\/jasitravel.com\/fr\/wp-json\/wp\/v2\/product"}],"about":[{"href":"https:\/\/jasitravel.com\/fr\/wp-json\/wp\/v2\/types\/product"}],"replies":[{"embeddable":true,"href":"https:\/\/jasitravel.com\/fr\/wp-json\/wp\/v2\/comments?post=1160"}],"wp:featuredmedia":[{"embeddable":true,"href":"https:\/\/jasitravel.com\/fr\/wp-json\/wp\/v2\/media\/1161"}],"wp:attachment":[{"href":"https:\/\/jasitravel.com\/fr\/wp-json\/wp\/v2\/media?parent=1160"}],"wp:term":[{"taxonomy":"product_brand","embeddable":true,"href":"https:\/\/jasitravel.com\/fr\/wp-json\/wp\/v2\/product_brand?post=1160"},{"taxonomy":"product_cat","embeddable":true,"href":"https:\/\/jasitravel.com\/fr\/wp-json\/wp\/v2\/product_cat?post=1160"},{"taxonomy":"product_tag","embeddable":true,"href":"https:\/\/jasitravel.com\/fr\/wp-json\/wp\/v2\/product_tag?post=1160"}],"curies":[{"name":"wp","href":"https:\/\/api.w.org\/{rel}","templated":true}]}}