{"id":1160,"date":"2024-09-12T20:15:18","date_gmt":"2024-09-12T20:15:18","guid":{"rendered":"https:\/\/jasitravel.com\/?post_type=product&#038;p=1160"},"modified":"2024-09-12T20:31:40","modified_gmt":"2024-09-12T20:31:40","slug":"phone-bag-mustard-field","status":"publish","type":"product","link":"https:\/\/jasitravel.com\/it\/product\/phone-bag-mustard-field\/","title":{"rendered":"Borsa telefonica - Campo di senape"},"content":{"rendered":"<p><strong>Panoramica del prodotto<\/strong> Scoprite una borsa telefonica crossbody elegante e versatile, progettata sia per lo stile che per la funzionalit\u00e0. Dotata di due scomparti e di una tracolla regolabile per una vestibilit\u00e0 personalizzata, \u00e8 perfetta per trasportare i vostri oggetti essenziali in viaggio.<\/p>\n<p><strong>Caratteristiche principali<\/strong><\/p>\n<ul>\n<li>Ampio scomparto principale con chiusura magnetica sicura per il telefono.<\/li>\n<li>Comoda tasca frontale pi\u00f9 piccola, ideale per accedere rapidamente a carte, chiavi o altri piccoli oggetti.<\/li>\n<li>Progettato per contenere comodamente telefoni di dimensioni fino a 16 x 8 x 1 cm<\/li>\n<\/ul>\n<p><strong>Specifiche del prodotto<\/strong><\/p>\n<ul>\n<li><strong>Dimensioni:<\/strong> H: 19 cm, L: 10,5 cm (circa)<\/li>\n<li><strong>Peso:<\/strong> 90 g (circa)<\/li>\n<\/ul>\n<p><strong>Istruzioni per la cura<\/strong><\/p>\n<ul>\n<li>Lavare a mano o a punti con acqua corrente fredda. Evitare il lavaggio in lavatrice.<\/li>\n<li>Utilizzare un detergente delicato o naturale.<\/li>\n<li>Lavare meno frequentemente per prolungare la durata della borsa e ridurre l'impatto ambientale.<\/li>\n<\/ul>\n<p><strong>Materiali sostenibili<\/strong><\/p>\n<ul>\n<li>Realizzato in tessuto circolare con 20 sacchetti di plastica e PET riciclati.<\/li>\n<li>Fodera e spalline in cotone biologico<\/li>\n<li>Cerniere in plastica riciclata<\/li>\n<\/ul>\n<p><strong>Focus sulla sostenibilit\u00e0<\/strong><\/p>\n<ul>\n<li><strong>Plastica Negativa:<\/strong> Riutilizzando i rifiuti plastici locali in accessori di alta qualit\u00e0, questo prodotto contribuisce ad affrontare la crisi globale della plastica.<\/li>\n<li><strong>Vegano e a zero rifiuti:<\/strong> Non vengono utilizzati materiali di origine animale e il design riduce al minimo gli scarti, garantendo un basso impatto ambientale.<\/li>\n<\/ul>\n<p><strong>Informazioni sul marchio<\/strong> Th\u00e9la, che significa \u201csacchetti di plastica\u201d in hindi, riflette la missione del marchio di trasformare i rifiuti locali in articoli di moda e per la casa di alta qualit\u00e0. I loro prodotti sono realizzati con l'impegno di una produzione equa, utilizzando filati tagliati a mano da rifiuti raccolti e tessuti su telai a mano tradizionali. Le strutture sono regolarmente ispezionate o certificate da organizzazioni come GOTS, Fairtrade o OEKO-TEX, per garantire pratiche etiche ed ecologiche.<\/p>","protected":false},"excerpt":{"rendered":"<p>Scoprite una borsa telefonica crossbody elegante e versatile, progettata sia per lo stile che per la funzionalit\u00e0. Dotata di due scomparti e di una tracolla regolabile per una vestibilit\u00e0 personalizzata, \u00e8 perfetta per trasportare i vostri oggetti essenziali in viaggio.<\/p>","protected":false},"featured_media":1161,"comment_status":"open","ping_status":"closed","template":"","meta":{"om_disable_all_campaigns":false},"product_brand":[],"product_cat":[323],"product_tag":[325,322,445,446,447],"class_list":{"0":"post-1160","1":"product","2":"type-product","3":"status-publish","4":"has-post-thumbnail","6":"product_cat-bag","7":"product_tag-bag","8":"product_tag-circulair","9":"product_tag-phone-bag","10":"product_tag-thela","11":"product_tag-vegan","13":"first","14":"instock","15":"shipping-taxable","16":"product-type-external"},"aioseo_notices":[],"_links":{"self":[{"href":"https:\/\/jasitravel.com\/it\/wp-json\/wp\/v2\/product\/1160","targetHints":{"allow":["GET"]}}],"collection":[{"href":"https:\/\/jasitravel.com\/it\/wp-json\/wp\/v2\/product"}],"about":[{"href":"https:\/\/jasitravel.com\/it\/wp-json\/wp\/v2\/types\/product"}],"replies":[{"embeddable":true,"href":"https:\/\/jasitravel.com\/it\/wp-json\/wp\/v2\/comments?post=1160"}],"wp:featuredmedia":[{"embeddable":true,"href":"https:\/\/jasitravel.com\/it\/wp-json\/wp\/v2\/media\/1161"}],"wp:attachment":[{"href":"https:\/\/jasitravel.com\/it\/wp-json\/wp\/v2\/media?parent=1160"}],"wp:term":[{"taxonomy":"product_brand","embeddable":true,"href":"https:\/\/jasitravel.com\/it\/wp-json\/wp\/v2\/product_brand?post=1160"},{"taxonomy":"product_cat","embeddable":true,"href":"https:\/\/jasitravel.com\/it\/wp-json\/wp\/v2\/product_cat?post=1160"},{"taxonomy":"product_tag","embeddable":true,"href":"https:\/\/jasitravel.com\/it\/wp-json\/wp\/v2\/product_tag?post=1160"}],"curies":[{"name":"wp","href":"https:\/\/api.w.org\/{rel}","templated":true}]}}