{"id":1175,"date":"2024-09-13T16:43:21","date_gmt":"2024-09-13T16:43:21","guid":{"rendered":"https:\/\/jasitravel.com\/?post_type=product&#038;p=1175"},"modified":"2024-09-14T06:35:22","modified_gmt":"2024-09-14T06:35:22","slug":"phone-bag-berry","status":"publish","type":"product","link":"https:\/\/jasitravel.com\/pt\/product\/phone-bag-berry\/","title":{"rendered":"Phone Bag \u2013 Berry"},"content":{"rendered":"<p><strong>Vis\u00e3o geral do produto<\/strong> Descubra uma mala de telem\u00f3vel elegante e vers\u00e1til, concebida para ter estilo e funcionalidade. Com dois compartimentos e uma al\u00e7a ajust\u00e1vel para um ajuste personalizado, \u00e9 perfeita para transportar os seus objectos essenciais em qualquer lugar.<\/p>\n<p><strong>Carater\u00edsticas principais<\/strong><\/p>\n<ul>\n<li>Compartimento principal espa\u00e7oso com um fecho magn\u00e9tico seguro para o seu telem\u00f3vel<\/li>\n<li>Pr\u00e1tico bolso frontal mais pequeno, ideal para acesso r\u00e1pido a cart\u00f5es, chaves ou outros objectos pequenos<\/li>\n<li>Projetado para acomodar confortavelmente telefones de at\u00e9 16 x 8 x 1 cm<\/li>\n<\/ul>\n<p><strong>Especifica\u00e7\u00f5es do produto<\/strong><\/p>\n<ul>\n<li><strong>Dimens\u00f5es:<\/strong> H: 19 cm, L: 10,5 cm (aprox.)<\/li>\n<li><strong>Peso:<\/strong> 90 g (aprox.)<\/li>\n<\/ul>\n<p><strong>Instru\u00e7\u00f5es de manuten\u00e7\u00e3o<\/strong><\/p>\n<ul>\n<li>Lavar \u00e0 m\u00e3o ou limpar no local com \u00e1gua fria corrente. Evitar a lavagem na m\u00e1quina.<\/li>\n<li>Utilizar um detergente suave ou natural.<\/li>\n<li>Lavar com menos frequ\u00eancia para prolongar a vida \u00fatil do saco e reduzir o impacto ambiental.<\/li>\n<\/ul>\n<p><strong>Materiais sustent\u00e1veis<\/strong><\/p>\n<ul>\n<li>Tecido circular fabricado a partir de 20 sacos de pl\u00e1stico reciclados e PET<\/li>\n<li>Forro e al\u00e7as em algod\u00e3o org\u00e2nico<\/li>\n<li>Fechos de correr em pl\u00e1stico reciclado<\/li>\n<\/ul>\n<p><strong>Foco na sustentabilidade<\/strong><\/p>\n<ul>\n<li><strong>Negativo de pl\u00e1stico:<\/strong> Ao reutilizar res\u00edduos de pl\u00e1stico locais em acess\u00f3rios de alta qualidade, este produto ajuda a combater a crise global do pl\u00e1stico.<\/li>\n<li><strong>Vegan &amp; Zero Waste:<\/strong> N\u00e3o s\u00e3o utilizados materiais derivados de animais e o design minimiza os res\u00edduos, garantindo uma pegada ambiental reduzida.<\/li>\n<\/ul>\n<p><strong>Sobre a marca<\/strong> Th\u00e9la, que significa \u201csacos de pl\u00e1stico\u201d em hindi, reflecte a miss\u00e3o da marca de transformar os res\u00edduos locais em artigos de moda e de casa de primeira qualidade. Os seus produtos s\u00e3o fabricados com um compromisso de produ\u00e7\u00e3o justa, utilizando fios cortados \u00e0 m\u00e3o a partir de res\u00edduos recolhidos que s\u00e3o tecidos em teares manuais tradicionais. As instala\u00e7\u00f5es s\u00e3o regularmente inspeccionadas ou certificadas por organiza\u00e7\u00f5es como a GOTS, Fairtrade ou OEKO-TEX, garantindo pr\u00e1ticas \u00e9ticas e ecol\u00f3gicas.<\/p>","protected":false},"excerpt":{"rendered":"<p>Descubra uma mala de telem\u00f3vel elegante e vers\u00e1til, concebida para ter estilo e funcionalidade. Com dois compartimentos e uma al\u00e7a ajust\u00e1vel para um ajuste personalizado, \u00e9 perfeita para transportar os seus objectos essenciais em qualquer lugar.<\/p>","protected":false},"featured_media":1178,"comment_status":"open","ping_status":"closed","template":"","meta":{"om_disable_all_campaigns":false},"product_brand":[],"product_cat":[323],"product_tag":[325,322,445,446,447],"class_list":{"0":"post-1175","1":"product","2":"type-product","3":"status-publish","4":"has-post-thumbnail","6":"product_cat-bag","7":"product_tag-bag","8":"product_tag-circulair","9":"product_tag-phone-bag","10":"product_tag-thela","11":"product_tag-vegan","13":"first","14":"instock","15":"shipping-taxable","16":"product-type-external"},"aioseo_notices":[],"_links":{"self":[{"href":"https:\/\/jasitravel.com\/pt\/wp-json\/wp\/v2\/product\/1175","targetHints":{"allow":["GET"]}}],"collection":[{"href":"https:\/\/jasitravel.com\/pt\/wp-json\/wp\/v2\/product"}],"about":[{"href":"https:\/\/jasitravel.com\/pt\/wp-json\/wp\/v2\/types\/product"}],"replies":[{"embeddable":true,"href":"https:\/\/jasitravel.com\/pt\/wp-json\/wp\/v2\/comments?post=1175"}],"wp:featuredmedia":[{"embeddable":true,"href":"https:\/\/jasitravel.com\/pt\/wp-json\/wp\/v2\/media\/1178"}],"wp:attachment":[{"href":"https:\/\/jasitravel.com\/pt\/wp-json\/wp\/v2\/media?parent=1175"}],"wp:term":[{"taxonomy":"product_brand","embeddable":true,"href":"https:\/\/jasitravel.com\/pt\/wp-json\/wp\/v2\/product_brand?post=1175"},{"taxonomy":"product_cat","embeddable":true,"href":"https:\/\/jasitravel.com\/pt\/wp-json\/wp\/v2\/product_cat?post=1175"},{"taxonomy":"product_tag","embeddable":true,"href":"https:\/\/jasitravel.com\/pt\/wp-json\/wp\/v2\/product_tag?post=1175"}],"curies":[{"name":"wp","href":"https:\/\/api.w.org\/{rel}","templated":true}]}}